{"id":37145,"date":"2025-01-15T19:21:29","date_gmt":"2025-01-15T18:21:29","guid":{"rendered":"https:\/\/koisiegi.com\/?post_type=product&#038;p=37145"},"modified":"2025-01-20T10:39:28","modified_gmt":"2025-01-20T09:39:28","slug":"gr-tancho-genjiro-45-47cm","status":"publish","type":"product","link":"https:\/\/koisiegi.com\/index.php\/product\/gr-tancho-genjiro-45-47cm\/","title":{"rendered":"GR Tancho, Genjiro, 45-47cm Verkauft"},"content":{"rendered":"<h3>GR Tancho, Genjiro<\/h3>\n<ul>\n<li>Geburtsjahr: 2023<\/li>\n<li>Gr\u00f6\u00dfe: 45-47 cm<\/li>\n<li>Z\u00fcchter: Genjiro<\/li>\n<li>Geschlecht: \u2640 Tendenz<\/li>\n<li>Video auf Anfrage<\/li>\n<li>Standort Koihaus-Hitzendorf \/ AT<\/li>\n<li>Azukari, Nein<\/li>\n<li>Kalt \u00fcberwintert<\/li>\n<li>Genjiro Koi Farm:\u00a0 Kobayashi Takashi,\u00a0 \u00a0Area: Kawaguchi, Nagaoka,\u00a0 \u00a0Varieties: Gosanke, Hi Utsuri, Hikarimono<\/li>\n<li>VERKAUFT !<\/li>\n<\/ul>\n","protected":false},"excerpt":{"rendered":"<p>GR Tancho, Genjiro Geburtsjahr: 2023 Gr\u00f6\u00dfe: 45-47 cm Z\u00fcchter: Genjiro Geschlecht: \u2640 Tendenz Video auf Anfrage Standort Koihaus-Hitzendorf \/ AT Azukari, Nein Kalt \u00fcberwintert Genjiro Koi Farm:\u00a0 Kobayashi Takashi,\u00a0 \u00a0Area: Kawaguchi, Nagaoka,\u00a0 \u00a0Varieties: Gosanke, Hi Utsuri, Hikarimono VERKAUFT !<\/p>\n","protected":false},"featured_media":37146,"template":"","meta":[],"product_brand":[],"product_cat":[235,33],"product_tag":[171],"class_list":{"0":"post-37145","1":"product","2":"type-product","3":"status-publish","4":"has-post-thumbnail","6":"product_cat-40-50-cm","7":"product_cat-koi","8":"product_tag-koihaus-becken-3","10":"first","11":"outofstock","12":"taxable","13":"shipping-taxable","14":"purchasable","15":"product-type-simple"},"_links":{"self":[{"href":"https:\/\/koisiegi.com\/index.php\/wp-json\/wp\/v2\/product\/37145","targetHints":{"allow":["GET"]}}],"collection":[{"href":"https:\/\/koisiegi.com\/index.php\/wp-json\/wp\/v2\/product"}],"about":[{"href":"https:\/\/koisiegi.com\/index.php\/wp-json\/wp\/v2\/types\/product"}],"wp:featuredmedia":[{"embeddable":true,"href":"https:\/\/koisiegi.com\/index.php\/wp-json\/wp\/v2\/media\/37146"}],"wp:attachment":[{"href":"https:\/\/koisiegi.com\/index.php\/wp-json\/wp\/v2\/media?parent=37145"}],"wp:term":[{"taxonomy":"product_brand","embeddable":true,"href":"https:\/\/koisiegi.com\/index.php\/wp-json\/wp\/v2\/product_brand?post=37145"},{"taxonomy":"product_cat","embeddable":true,"href":"https:\/\/koisiegi.com\/index.php\/wp-json\/wp\/v2\/product_cat?post=37145"},{"taxonomy":"product_tag","embeddable":true,"href":"https:\/\/koisiegi.com\/index.php\/wp-json\/wp\/v2\/product_tag?post=37145"}],"curies":[{"name":"wp","href":"https:\/\/api.w.org\/{rel}","templated":true}]}}