{"id":37138,"date":"2025-01-15T19:14:18","date_gmt":"2025-01-15T18:14:18","guid":{"rendered":"https:\/\/koisiegi.com\/?post_type=product&#038;p=37138"},"modified":"2025-01-15T19:18:30","modified_gmt":"2025-01-15T18:18:30","slug":"tancho-genjiro-44-46cm","status":"publish","type":"product","link":"https:\/\/koisiegi.com\/index.php\/product\/tancho-genjiro-44-46cm\/","title":{"rendered":"Tancho, Genjiro, 44-46cm"},"content":{"rendered":"<h3>Tancho, Genjiro<\/h3>\n<ul>\n<li>Geburtsjahr: 2023<\/li>\n<li>Gr\u00f6\u00dfe: 44-46 cm<\/li>\n<li>Z\u00fcchter: Genjiro<\/li>\n<li>Geschlecht: \u2640 Tendenz<\/li>\n<li>Video auf Anfrage<\/li>\n<li>Standort Koihaus-Hitzendorf \/ AT<\/li>\n<li>Azukari, Nein<\/li>\n<li>Kalt \u00fcberwintert<\/li>\n<li>Genjiro Koi Farm:\u00a0 Kobayashi Takashi,\u00a0 \u00a0Area: Kawaguchi, Nagaoka,\u00a0 \u00a0Varieties: Gosanke, Hi Utsuri, Hikarimono<\/li>\n<\/ul>\n","protected":false},"excerpt":{"rendered":"<p>Tancho, Genjiro Geburtsjahr: 2023 Gr\u00f6\u00dfe: 44-46 cm Z\u00fcchter: Genjiro Geschlecht: \u2640 Tendenz Video auf Anfrage Standort Koihaus-Hitzendorf \/ AT Azukari, Nein Kalt \u00fcberwintert Genjiro Koi Farm:\u00a0 Kobayashi Takashi,\u00a0 \u00a0Area: Kawaguchi, Nagaoka,\u00a0 \u00a0Varieties: Gosanke, Hi Utsuri, Hikarimono<\/p>\n","protected":false},"featured_media":37139,"template":"","meta":[],"product_brand":[],"product_cat":[235,33],"product_tag":[171],"class_list":{"0":"post-37138","1":"product","2":"type-product","3":"status-publish","4":"has-post-thumbnail","6":"product_cat-40-50-cm","7":"product_cat-koi","8":"product_tag-koihaus-becken-3","10":"first","11":"instock","12":"sold-individually","13":"taxable","14":"shipping-taxable","15":"purchasable","16":"product-type-simple"},"_links":{"self":[{"href":"https:\/\/koisiegi.com\/index.php\/wp-json\/wp\/v2\/product\/37138","targetHints":{"allow":["GET"]}}],"collection":[{"href":"https:\/\/koisiegi.com\/index.php\/wp-json\/wp\/v2\/product"}],"about":[{"href":"https:\/\/koisiegi.com\/index.php\/wp-json\/wp\/v2\/types\/product"}],"wp:featuredmedia":[{"embeddable":true,"href":"https:\/\/koisiegi.com\/index.php\/wp-json\/wp\/v2\/media\/37139"}],"wp:attachment":[{"href":"https:\/\/koisiegi.com\/index.php\/wp-json\/wp\/v2\/media?parent=37138"}],"wp:term":[{"taxonomy":"product_brand","embeddable":true,"href":"https:\/\/koisiegi.com\/index.php\/wp-json\/wp\/v2\/product_brand?post=37138"},{"taxonomy":"product_cat","embeddable":true,"href":"https:\/\/koisiegi.com\/index.php\/wp-json\/wp\/v2\/product_cat?post=37138"},{"taxonomy":"product_tag","embeddable":true,"href":"https:\/\/koisiegi.com\/index.php\/wp-json\/wp\/v2\/product_tag?post=37138"}],"curies":[{"name":"wp","href":"https:\/\/api.w.org\/{rel}","templated":true}]}}