{"id":37117,"date":"2024-12-19T14:09:48","date_gmt":"2024-12-19T13:09:48","guid":{"rendered":"https:\/\/koisiegi.com\/?post_type=product&#038;p=37117"},"modified":"2025-06-18T17:41:06","modified_gmt":"2025-06-18T15:41:06","slug":"universal-filtervlies-75cm-breite-40gr-150-m-laenge","status":"publish","type":"product","link":"https:\/\/koisiegi.com\/index.php\/product\/universal-filtervlies-75cm-breite-40gr-150-m-laenge\/","title":{"rendered":"Universal Filtervlies 75cm Breite 40gr. 150 m L\u00e4nge"},"content":{"rendered":"<p>Universal Filtervlies 75cm Breite 40gr. 150 m L\u00e4nge f\u00fcr alle g\u00e4ngigen Vliesfilter mit einem Rollenkern von 70 mm.<\/p>\n<ul>\n<li>Made in Germany<\/li>\n<li>Faser: Nadelvlies<\/li>\n<li>Das Filtervlies hat ein unschlagbares Preis\u2013Leistungsverh\u00e4ltnis.<\/li>\n<li>Es ist sehr sparsam im Verbrauch, auch bei einem hohen Schmutzaufkommen im Teich.<\/li>\n<li>Ein Vlies ohne chemische Bindemittel, was zu keiner Schaumbildung auf der Wasseroberfl\u00e4che f\u00fchrt.<\/li>\n<\/ul>\n","protected":false},"excerpt":{"rendered":"<p>Universal Filtervlies 75cm Breite 20gr. 200 m L\u00e4nge<\/p>\n","protected":false},"featured_media":5986,"template":"","meta":[],"product_brand":[],"product_cat":[77,142,39],"product_tag":[85],"class_list":{"0":"post-37117","1":"product","2":"type-product","3":"status-publish","4":"has-post-thumbnail","6":"product_cat-filtermedien","7":"product_cat-filtertechnik-zubehoer","8":"product_cat-zubehoer","9":"product_tag-vlies","10":"product_shipping_class-zubehoer","12":"first","13":"instock","14":"taxable","15":"shipping-taxable","16":"purchasable","17":"product-type-simple"},"_links":{"self":[{"href":"https:\/\/koisiegi.com\/index.php\/wp-json\/wp\/v2\/product\/37117","targetHints":{"allow":["GET"]}}],"collection":[{"href":"https:\/\/koisiegi.com\/index.php\/wp-json\/wp\/v2\/product"}],"about":[{"href":"https:\/\/koisiegi.com\/index.php\/wp-json\/wp\/v2\/types\/product"}],"wp:featuredmedia":[{"embeddable":true,"href":"https:\/\/koisiegi.com\/index.php\/wp-json\/wp\/v2\/media\/5986"}],"wp:attachment":[{"href":"https:\/\/koisiegi.com\/index.php\/wp-json\/wp\/v2\/media?parent=37117"}],"wp:term":[{"taxonomy":"product_brand","embeddable":true,"href":"https:\/\/koisiegi.com\/index.php\/wp-json\/wp\/v2\/product_brand?post=37117"},{"taxonomy":"product_cat","embeddable":true,"href":"https:\/\/koisiegi.com\/index.php\/wp-json\/wp\/v2\/product_cat?post=37117"},{"taxonomy":"product_tag","embeddable":true,"href":"https:\/\/koisiegi.com\/index.php\/wp-json\/wp\/v2\/product_tag?post=37117"}],"curies":[{"name":"wp","href":"https:\/\/api.w.org\/{rel}","templated":true}]}}