{"id":36715,"date":"2024-05-30T15:14:48","date_gmt":"2024-05-30T13:14:48","guid":{"rendered":"https:\/\/victorh10.apconsult.at\/~user547\/?post_type=product&#038;p=36715"},"modified":"2024-09-16T13:27:02","modified_gmt":"2024-09-16T11:27:02","slug":"aquaforte-midi-power-uvc-75-40-watt","status":"publish","type":"product","link":"https:\/\/koisiegi.com\/index.php\/product\/aquaforte-midi-power-uvc-75-40-watt\/","title":{"rendered":"AquaForte Midi Power UVC 75 \/ 40 Watt"},"content":{"rendered":"<p>AquaForte Midi Power UVC 75 \/ 40 Watt<\/p>\n<p>Das UVC-Ger\u00e4t f\u00fcr gro\u00dfe Kombi-Teiche.<\/p>\n<p>Erh\u00e4ltlich in zwei Versionen: 40 Watt f\u00fcr Teiche bis zu 40.000 Liter und 75 Watt f\u00fcr Teiche bis zu 75.000 Liter. Kann entweder geklebt (PVC \u00f8 50\/63 mm) oder mit Schlauch (40\/32\/25 mm) angeschlossen werden. \u2022 Aluminiumgeh\u00e4use, reflektiert UV-Strahlung f\u00fcr eine bessere Leistung. \u2022 Double Head Connection, PVC 50\/63 mm und Multistep Anschluss 40\/32\/25 mm. \u2022 T5\u00a0 UV-Lampe f\u00fcr optimale Reinigungskraft. \u2022 Garantiert 8000-12000 Brennstunden.<\/p>\n<p>Technische Spezifikationen<\/p>\n<ul>\n<li>40 W 40.000l 20.000 l\/h 25\/32\/40-50\/63 mm High Power\u00a0 \u00a0T5 40 Watt<\/li>\n<li>75 W\u00a0 75.000l 20.000 l\/h 25\/32\/40-50\/63 mm High Power\u00a0 \u00a0 T5 75 Watt<\/li>\n<\/ul>\n<h4><strong><a href=\"https:\/\/www.youtube.com\/watch?v=lcYsE6cfOTY&amp;t=8s\">Zum Video<\/a><\/strong><\/h4>\n","protected":false},"excerpt":{"rendered":"<p>AquaForte Midi Power UVC 75 \/ 40 Watt<\/p>\n","protected":false},"featured_media":36718,"template":"","meta":[],"product_brand":[],"product_cat":[60,39],"product_tag":[],"class_list":{"0":"post-36715","1":"product","2":"type-product","3":"status-publish","4":"has-post-thumbnail","6":"product_cat-uvc","7":"product_cat-zubehoer","8":"product_shipping_class-zubehoer","10":"first","11":"instock","12":"taxable","13":"shipping-taxable","14":"purchasable","15":"product-type-variable"},"_links":{"self":[{"href":"https:\/\/koisiegi.com\/index.php\/wp-json\/wp\/v2\/product\/36715","targetHints":{"allow":["GET"]}}],"collection":[{"href":"https:\/\/koisiegi.com\/index.php\/wp-json\/wp\/v2\/product"}],"about":[{"href":"https:\/\/koisiegi.com\/index.php\/wp-json\/wp\/v2\/types\/product"}],"wp:featuredmedia":[{"embeddable":true,"href":"https:\/\/koisiegi.com\/index.php\/wp-json\/wp\/v2\/media\/36718"}],"wp:attachment":[{"href":"https:\/\/koisiegi.com\/index.php\/wp-json\/wp\/v2\/media?parent=36715"}],"wp:term":[{"taxonomy":"product_brand","embeddable":true,"href":"https:\/\/koisiegi.com\/index.php\/wp-json\/wp\/v2\/product_brand?post=36715"},{"taxonomy":"product_cat","embeddable":true,"href":"https:\/\/koisiegi.com\/index.php\/wp-json\/wp\/v2\/product_cat?post=36715"},{"taxonomy":"product_tag","embeddable":true,"href":"https:\/\/koisiegi.com\/index.php\/wp-json\/wp\/v2\/product_tag?post=36715"}],"curies":[{"name":"wp","href":"https:\/\/api.w.org\/{rel}","templated":true}]}}