{"id":36681,"date":"2024-05-30T12:53:39","date_gmt":"2024-05-30T10:53:39","guid":{"rendered":"https:\/\/victorh10.apconsult.at\/~user547\/?post_type=product&#038;p=36681"},"modified":"2024-09-16T11:48:59","modified_gmt":"2024-09-16T09:48:59","slug":"aquaforte-dm-vario-s-1000-35000-mit-wi-fi","status":"publish","type":"product","link":"https:\/\/koisiegi.com\/index.php\/product\/aquaforte-dm-vario-s-1000-35000-mit-wi-fi\/","title":{"rendered":"Aquaforte DM Vario S 1000-35000 Mit WI-FI"},"content":{"rendered":"<p>AquaForte DM Vario S &#8211; WiFi: Die Teichpumpe der Extraklasse! Bequem \u00fcber iOS- oder Android-App steuerbar, zeichnet sie sich durch einen ger\u00e4uscharmen Betrieb, verschlei\u00dfarme Keramiktechnologie und einen Trockenlaufschutz aus.<br \/>\nMit attraktivem Preis-Leistungsverh\u00e4ltnis ideal f\u00fcr Bachl\u00e4ufe, Wasserf\u00e4lle, Springbrunnen und Filteranlagen. Auch f\u00fcr die trockene Aufstellung geeignet, jedoch nicht selbst ansaugend.<br \/>\nSch\u00fctzen Sie den Controller vor Regen und Feuchtigkeit. Jetzt mit kostenloser App im Google Play Store und App Store.<\/p>\n<div class=\"mb-3 mb-md-5\"><\/div>\n<div class=\"row\">\n<div class=\"col-4 pt-2 pb-2\">\n<div class=\"specifications__values\">\n<div class=\"mb-3 mb-md-5\">\n<h3><strong>10000 S<\/strong><\/h3>\n<\/div>\n<div class=\"row\">\n<div class=\"col-8 pt-2 pb-2\">\n<div class=\"specifications__label\">Platzierung<\/div>\n<\/div>\n<div class=\"col-4 pt-2 pb-2\">\n<div class=\"specifications__values\">Au\u00dferhalb des Teiches unter dem Wasserspiegel, Im Teich<\/div>\n<\/div>\n<div class=\"col-8 pt-2 pb-2\">\n<div class=\"specifications__label\">Einstellbarer Wasserfluss<\/div>\n<\/div>\n<div class=\"col-4 pt-2 pb-2\">\n<div class=\"specifications__values\">Ja<\/div>\n<div><\/div>\n<\/div>\n<div class=\"col-8 pt-2 pb-2\">\n<div class=\"specifications__label\">Maximaler Durchfluss m\u00b3 pro Stunde<\/div>\n<\/div>\n<div class=\"col-4 pt-2 pb-2\">\n<div class=\"specifications__values\">10<\/div>\n<div><\/div>\n<\/div>\n<div class=\"col-8 pt-2 pb-2\">\n<div class=\"specifications__label\">Wattleistung (maximal)<\/div>\n<\/div>\n<div class=\"col-4 pt-2 pb-2\">\n<div class=\"specifications__values\">85<\/div>\n<div><\/div>\n<\/div>\n<div class=\"col-8 pt-2 pb-2\">\n<div class=\"specifications__label\">Maximale F\u00f6rderh\u00f6he<\/div>\n<\/div>\n<div class=\"col-4 pt-2 pb-2\">\n<div class=\"specifications__values\">5.5<\/div>\n<div><\/div>\n<\/div>\n<div class=\"col-8 pt-2 pb-2\">\n<div class=\"specifications__label\">App-Steuerung<\/div>\n<\/div>\n<div class=\"col-4 pt-2 pb-2\">\n<div class=\"specifications__values\">Ja<\/div>\n<div><\/div>\n<\/div>\n<div class=\"col-8 pt-2 pb-2\">\n<div class=\"specifications__label\">Trockenlaufschutz<\/div>\n<\/div>\n<div class=\"col-4 pt-2 pb-2\">\n<div class=\"specifications__values\">Ja<\/div>\n<div><\/div>\n<\/div>\n<div class=\"col-8 pt-2 pb-2\">\n<div class=\"specifications__label\">12 Volt<\/div>\n<\/div>\n<div class=\"col-4 pt-2 pb-2\">\n<div class=\"specifications__values\">Nein<\/div>\n<\/div>\n<\/div>\n<\/div>\n<div><\/div>\n<\/div>\n<div class=\"col-8 pt-2 pb-2\">\n<div class=\"specifications__label\">Modell<\/div>\n<\/div>\n<div class=\"col-4 pt-2 pb-2\">\n<div class=\"specifications__values\">DM-Vario S Wi-Fi<\/div>\n<\/div>\n<div>\n<div class=\"mb-3 mb-md-5\">\n<h3><strong>20000 S<\/strong><\/h3>\n<\/div>\n<div class=\"row\">\n<div class=\"col-8 pt-2 pb-2\">\n<div class=\"specifications__label\">Platzierung<\/div>\n<\/div>\n<div class=\"col-4 pt-2 pb-2\">\n<div class=\"specifications__values\">Au\u00dferhalb des Teiches unter dem Wasserspiegel, Im Teich<\/div>\n<\/div>\n<div class=\"col-8 pt-2 pb-2\">\n<div class=\"specifications__label\">Einstellbarer Wasserfluss<\/div>\n<div><\/div>\n<\/div>\n<div class=\"col-4 pt-2 pb-2\">\n<div class=\"specifications__values\">Ja<\/div>\n<\/div>\n<div class=\"col-8 pt-2 pb-2\">\n<div class=\"specifications__label\">Maximaler Durchfluss m\u00b3 pro Stunde<\/div>\n<\/div>\n<div class=\"col-4 pt-2 pb-2\">\n<div class=\"specifications__values\">18.5<\/div>\n<div><\/div>\n<\/div>\n<div class=\"col-8 pt-2 pb-2\">\n<div class=\"specifications__label\">Wattleistung (maximal)<\/div>\n<\/div>\n<div class=\"col-4 pt-2 pb-2\">\n<div class=\"specifications__values\">200<\/div>\n<div><\/div>\n<\/div>\n<div class=\"col-8 pt-2 pb-2\">\n<div class=\"specifications__label\">Maximale F\u00f6rderh\u00f6he<\/div>\n<\/div>\n<div class=\"col-4 pt-2 pb-2\">\n<div class=\"specifications__values\">7.5<\/div>\n<div><\/div>\n<\/div>\n<div class=\"col-8 pt-2 pb-2\">\n<div class=\"specifications__label\">App-Steuerung<\/div>\n<\/div>\n<div class=\"col-4 pt-2 pb-2\">\n<div class=\"specifications__values\">Ja<\/div>\n<div><\/div>\n<\/div>\n<div class=\"col-8 pt-2 pb-2\">\n<div class=\"specifications__label\">Trockenlaufschutz<\/div>\n<\/div>\n<div class=\"col-4 pt-2 pb-2\">\n<div class=\"specifications__values\">Ja<\/div>\n<div><\/div>\n<\/div>\n<div class=\"col-8 pt-2 pb-2\">\n<div class=\"specifications__label\">12 Volt<\/div>\n<\/div>\n<div class=\"col-4 pt-2 pb-2\">\n<div class=\"specifications__values\">Nein<\/div>\n<div><\/div>\n<\/div>\n<div class=\"col-8 pt-2 pb-2\">\n<div class=\"specifications__label\">Modell<\/div>\n<\/div>\n<div class=\"col-4 pt-2 pb-2\">\n<div class=\"specifications__values\">DM-Vario S Wi-Fi<\/div>\n<\/div>\n<\/div>\n<div>\n<div class=\"mb-3 mb-md-5\">\n<h3><strong>30000 S<\/strong><\/h3>\n<\/div>\n<div class=\"row\">\n<div class=\"col-8 pt-2 pb-2\">\n<div class=\"specifications__label\">Platzierung<\/div>\n<\/div>\n<div class=\"col-4 pt-2 pb-2\">\n<div class=\"specifications__values\">Au\u00dferhalb des Teiches unter dem Wasserspiegel, Im Teich<\/div>\n<\/div>\n<div class=\"col-8 pt-2 pb-2\">\n<div class=\"specifications__label\">Einstellbarer Wasserfluss<\/div>\n<\/div>\n<div class=\"col-4 pt-2 pb-2\">\n<div class=\"specifications__values\">Ja<\/div>\n<div><\/div>\n<\/div>\n<div class=\"col-8 pt-2 pb-2\">\n<div class=\"specifications__label\">Maximaler Durchfluss m\u00b3 pro Stunde<\/div>\n<\/div>\n<div class=\"col-4 pt-2 pb-2\">\n<div class=\"specifications__values\">25<\/div>\n<div><\/div>\n<\/div>\n<div class=\"col-8 pt-2 pb-2\">\n<div class=\"specifications__label\">Wattleistung (maximal)<\/div>\n<\/div>\n<div class=\"col-4 pt-2 pb-2\">\n<div class=\"specifications__values\">360<\/div>\n<div><\/div>\n<\/div>\n<div class=\"col-8 pt-2 pb-2\">\n<div class=\"specifications__label\">Maximale F\u00f6rderh\u00f6he<\/div>\n<\/div>\n<div class=\"col-4 pt-2 pb-2\">\n<div class=\"specifications__values\">10<\/div>\n<div><\/div>\n<\/div>\n<div class=\"col-8 pt-2 pb-2\">\n<div class=\"specifications__label\">App-Steuerung<\/div>\n<\/div>\n<div class=\"col-4 pt-2 pb-2\">\n<div class=\"specifications__values\">Ja<\/div>\n<div><\/div>\n<\/div>\n<div class=\"col-8 pt-2 pb-2\">\n<div class=\"specifications__label\">Trockenlaufschutz<\/div>\n<\/div>\n<div class=\"col-4 pt-2 pb-2\">\n<div class=\"specifications__values\">Ja<\/div>\n<div><\/div>\n<\/div>\n<div class=\"col-8 pt-2 pb-2\">\n<div class=\"specifications__label\">12 Volt<\/div>\n<\/div>\n<div class=\"col-4 pt-2 pb-2\">\n<div class=\"specifications__values\">Nein<\/div>\n<div><\/div>\n<\/div>\n<div class=\"col-8 pt-2 pb-2\">\n<div class=\"specifications__label\">Modell<\/div>\n<\/div>\n<div class=\"col-4 pt-2 pb-2\">\n<div class=\"specifications__values\">DM-Vario S Wi-Fi<\/div>\n<\/div>\n<div>\n<div class=\"mb-3 mb-md-5\">\n<h3><strong>35000 S<\/strong><\/h3>\n<\/div>\n<div class=\"row\">\n<div class=\"col-8 pt-2 pb-2\">\n<div class=\"specifications__label\">Platzierung<\/div>\n<\/div>\n<div class=\"col-4 pt-2 pb-2\">\n<div class=\"specifications__values\">Au\u00dferhalb des Teiches unter dem Wasserspiegel, Im Teich<\/div>\n<\/div>\n<div class=\"col-8 pt-2 pb-2\">\n<div class=\"specifications__label\">Einstellbarer Wasserfluss<\/div>\n<\/div>\n<div class=\"col-4 pt-2 pb-2\">\n<div class=\"specifications__values\">Ja<\/div>\n<div><\/div>\n<\/div>\n<div class=\"col-8 pt-2 pb-2\">\n<div class=\"specifications__label\">Maximaler Durchfluss m\u00b3 pro Stunde<\/div>\n<\/div>\n<div class=\"col-4 pt-2 pb-2\">\n<div class=\"specifications__values\">36<\/div>\n<div><\/div>\n<\/div>\n<div class=\"col-8 pt-2 pb-2\">\n<div class=\"specifications__label\">Wattleistung (maximal)<\/div>\n<\/div>\n<div class=\"col-4 pt-2 pb-2\">\n<div class=\"specifications__values\">360<\/div>\n<div><\/div>\n<\/div>\n<div class=\"col-8 pt-2 pb-2\">\n<div class=\"specifications__label\">Maximale F\u00f6rderh\u00f6he<\/div>\n<\/div>\n<div class=\"col-4 pt-2 pb-2\">\n<div class=\"specifications__values\">5.5<\/div>\n<div><\/div>\n<\/div>\n<div class=\"col-8 pt-2 pb-2\">\n<div class=\"specifications__label\">App-Steuerung<\/div>\n<\/div>\n<div class=\"col-4 pt-2 pb-2\">\n<div class=\"specifications__values\">Ja<\/div>\n<div><\/div>\n<\/div>\n<div class=\"col-8 pt-2 pb-2\">\n<div class=\"specifications__label\">Trockenlaufschutz<\/div>\n<\/div>\n<div class=\"col-4 pt-2 pb-2\">\n<div class=\"specifications__values\">Ja<\/div>\n<div><\/div>\n<\/div>\n<div class=\"col-8 pt-2 pb-2\">\n<div class=\"specifications__label\">12 Volt<\/div>\n<\/div>\n<div class=\"col-4 pt-2 pb-2\">\n<div class=\"specifications__values\">Nein<\/div>\n<div><\/div>\n<\/div>\n<div class=\"col-8 pt-2 pb-2\">\n<div class=\"specifications__label\">Modell<\/div>\n<\/div>\n<div class=\"col-4 pt-2 pb-2\">\n<div class=\"specifications__values\">DM-Vario S Wi-Fi<\/div>\n<\/div>\n<\/div>\n<\/div>\n<\/div>\n<\/div>\n<\/div>\n<\/div>\n","protected":false},"excerpt":{"rendered":"<p>AquaForte DM Vario S &#8211; WiFi: Die Teichpumpe der Extraklasse! Bequem \u00fcber iOS- oder Android-App steuerbar, zeichnet sie sich durch einen ger\u00e4uscharmen Betrieb, verschlei\u00dfarme Keramiktechnologie und einen Trockenlaufschutz aus. Mit attraktivem Preis-Leistungsverh\u00e4ltnis ideal f\u00fcr Bachl\u00e4ufe, Wasserf\u00e4lle, Springbrunnen und Filteranlagen. Auch f\u00fcr die trockene Aufstellung geeignet, jedoch nicht selbst ansaugend. Sch\u00fctzen Sie den Controller vor Regen [&hellip;]<\/p>\n","protected":false},"featured_media":36704,"template":"","meta":[],"product_brand":[],"product_cat":[15,142,24],"product_tag":[],"class_list":{"0":"post-36681","1":"product","2":"type-product","3":"status-publish","4":"has-post-thumbnail","6":"product_cat-uncategorized","7":"product_cat-filtertechnik-zubehoer","8":"product_cat-pumpen","9":"product_shipping_class-zubehoer","11":"first","12":"instock","13":"taxable","14":"shipping-taxable","15":"purchasable","16":"product-type-variable"},"_links":{"self":[{"href":"https:\/\/koisiegi.com\/index.php\/wp-json\/wp\/v2\/product\/36681","targetHints":{"allow":["GET"]}}],"collection":[{"href":"https:\/\/koisiegi.com\/index.php\/wp-json\/wp\/v2\/product"}],"about":[{"href":"https:\/\/koisiegi.com\/index.php\/wp-json\/wp\/v2\/types\/product"}],"wp:featuredmedia":[{"embeddable":true,"href":"https:\/\/koisiegi.com\/index.php\/wp-json\/wp\/v2\/media\/36704"}],"wp:attachment":[{"href":"https:\/\/koisiegi.com\/index.php\/wp-json\/wp\/v2\/media?parent=36681"}],"wp:term":[{"taxonomy":"product_brand","embeddable":true,"href":"https:\/\/koisiegi.com\/index.php\/wp-json\/wp\/v2\/product_brand?post=36681"},{"taxonomy":"product_cat","embeddable":true,"href":"https:\/\/koisiegi.com\/index.php\/wp-json\/wp\/v2\/product_cat?post=36681"},{"taxonomy":"product_tag","embeddable":true,"href":"https:\/\/koisiegi.com\/index.php\/wp-json\/wp\/v2\/product_tag?post=36681"}],"curies":[{"name":"wp","href":"https:\/\/api.w.org\/{rel}","templated":true}]}}