{"id":28211,"date":"2023-11-23T19:41:11","date_gmt":"2023-11-23T18:41:11","guid":{"rendered":"https:\/\/koisiegi.com\/?post_type=product&#038;p=28211"},"modified":"2025-02-03T17:42:45","modified_gmt":"2025-02-03T16:42:45","slug":"showa-14","status":"publish","type":"product","link":"https:\/\/koisiegi.com\/index.php\/product\/showa-14\/","title":{"rendered":"Showa, Yagenji, 45-48cm"},"content":{"rendered":"<h3>Showa<\/h3>\n<ul>\n<li>Geburtsjahr: 2023<\/li>\n<li>Gr\u00f6\u00dfe: 45-48cm<\/li>\n<li>Geschlecht: Fem<\/li>\n<li>Z\u00fcchter: Yagenji<\/li>\n<li>Standort Koihaus-Hitzendorf \/ AT<\/li>\n<li>Azukari, Nein<\/li>\n<\/ul>\n","protected":false},"excerpt":{"rendered":"<p>Showa Geburtsjahr: 2023 Gr\u00f6\u00dfe: 45-48cm Geschlecht: Fem Z\u00fcchter: Yagenji Standort Koihaus-Hitzendorf \/ AT Azukari, Nein<\/p>\n","protected":false},"featured_media":37240,"template":"","meta":[],"product_brand":[],"product_cat":[235,33],"product_tag":[178],"class_list":{"0":"post-28211","1":"product","2":"type-product","3":"status-publish","4":"has-post-thumbnail","6":"product_cat-40-50-cm","7":"product_cat-koi","8":"product_tag-koihaus-becken-5","9":"product_shipping_class-koi","11":"first","12":"instock","13":"taxable","14":"shipping-taxable","15":"purchasable","16":"product-type-simple"},"_links":{"self":[{"href":"https:\/\/koisiegi.com\/index.php\/wp-json\/wp\/v2\/product\/28211","targetHints":{"allow":["GET"]}}],"collection":[{"href":"https:\/\/koisiegi.com\/index.php\/wp-json\/wp\/v2\/product"}],"about":[{"href":"https:\/\/koisiegi.com\/index.php\/wp-json\/wp\/v2\/types\/product"}],"wp:featuredmedia":[{"embeddable":true,"href":"https:\/\/koisiegi.com\/index.php\/wp-json\/wp\/v2\/media\/37240"}],"wp:attachment":[{"href":"https:\/\/koisiegi.com\/index.php\/wp-json\/wp\/v2\/media?parent=28211"}],"wp:term":[{"taxonomy":"product_brand","embeddable":true,"href":"https:\/\/koisiegi.com\/index.php\/wp-json\/wp\/v2\/product_brand?post=28211"},{"taxonomy":"product_cat","embeddable":true,"href":"https:\/\/koisiegi.com\/index.php\/wp-json\/wp\/v2\/product_cat?post=28211"},{"taxonomy":"product_tag","embeddable":true,"href":"https:\/\/koisiegi.com\/index.php\/wp-json\/wp\/v2\/product_tag?post=28211"}],"curies":[{"name":"wp","href":"https:\/\/api.w.org\/{rel}","templated":true}]}}