{"id":28207,"date":"2023-11-23T19:36:38","date_gmt":"2023-11-23T18:36:38","guid":{"rendered":"https:\/\/koisiegi.com\/?post_type=product&#038;p=28207"},"modified":"2025-02-04T15:54:37","modified_gmt":"2025-02-04T14:54:37","slug":"hq-ochiba","status":"publish","type":"product","link":"https:\/\/koisiegi.com\/index.php\/product\/hq-ochiba\/","title":{"rendered":"Ochiba, 46-49cm, Yagenji"},"content":{"rendered":"<h3>Ochiba, 46-49cm, Yagenji<\/h3>\n<ul>\n<li>Geburtsjahr: 2022<\/li>\n<li>Gr\u00f6\u00dfe: 40-45cm<\/li>\n<li>Geschlecht: Unisex<\/li>\n<li>Z\u00fcchter: Yagenji<\/li>\n<li>Standort Koihaus-Hitzendorf \/ AT<\/li>\n<li>Azukari, Nein<\/li>\n<li>Ist die Gr\u00f6\u00dfe vom Okt 23 \/ und die zu erwartend bis April 24<\/li>\n<\/ul>\n","protected":false},"excerpt":{"rendered":"<p>Ochiba, 46-49cm, Yagenji Geburtsjahr: 2022 Gr\u00f6\u00dfe: 40-45cm Geschlecht: Unisex Z\u00fcchter: Yagenji Standort Koihaus-Hitzendorf \/ AT Azukari, Nein Ist die Gr\u00f6\u00dfe vom Okt 23 \/ und die zu erwartend bis April 24<\/p>\n","protected":false},"featured_media":37249,"template":"","meta":[],"product_brand":[],"product_cat":[235,33],"product_tag":[178],"class_list":{"0":"post-28207","1":"product","2":"type-product","3":"status-publish","4":"has-post-thumbnail","6":"product_cat-40-50-cm","7":"product_cat-koi","8":"product_tag-koihaus-becken-5","9":"product_shipping_class-koi","11":"first","12":"instock","13":"taxable","14":"shipping-taxable","15":"purchasable","16":"product-type-simple"},"_links":{"self":[{"href":"https:\/\/koisiegi.com\/index.php\/wp-json\/wp\/v2\/product\/28207","targetHints":{"allow":["GET"]}}],"collection":[{"href":"https:\/\/koisiegi.com\/index.php\/wp-json\/wp\/v2\/product"}],"about":[{"href":"https:\/\/koisiegi.com\/index.php\/wp-json\/wp\/v2\/types\/product"}],"wp:featuredmedia":[{"embeddable":true,"href":"https:\/\/koisiegi.com\/index.php\/wp-json\/wp\/v2\/media\/37249"}],"wp:attachment":[{"href":"https:\/\/koisiegi.com\/index.php\/wp-json\/wp\/v2\/media?parent=28207"}],"wp:term":[{"taxonomy":"product_brand","embeddable":true,"href":"https:\/\/koisiegi.com\/index.php\/wp-json\/wp\/v2\/product_brand?post=28207"},{"taxonomy":"product_cat","embeddable":true,"href":"https:\/\/koisiegi.com\/index.php\/wp-json\/wp\/v2\/product_cat?post=28207"},{"taxonomy":"product_tag","embeddable":true,"href":"https:\/\/koisiegi.com\/index.php\/wp-json\/wp\/v2\/product_tag?post=28207"}],"curies":[{"name":"wp","href":"https:\/\/api.w.org\/{rel}","templated":true}]}}