{"id":27605,"date":"2023-11-13T17:35:23","date_gmt":"2023-11-13T16:35:23","guid":{"rendered":"https:\/\/koisiegi.com\/?post_type=product&#038;p=27605"},"modified":"2025-02-04T20:05:10","modified_gmt":"2025-02-04T19:05:10","slug":"showa","status":"publish","type":"product","link":"https:\/\/koisiegi.com\/index.php\/product\/showa\/","title":{"rendered":"Showa, Yagenji, 45-48cm"},"content":{"rendered":"<h3>Showa<\/h3>\n<ul>\n<li>Geburtsjahr: 2022<\/li>\n<li>Gr\u00f6\u00dfe: 45-48cm<\/li>\n<li>Geschlecht: Fem<\/li>\n<li>Z\u00fcchter: Yagenji<\/li>\n<li>Standort Koihaus-Hitzendorf \/ AT<\/li>\n<li>Azukari, Nein<\/li>\n<\/ul>\n","protected":false},"excerpt":{"rendered":"<p>Showa Geburtsjahr: 2022 Gr\u00f6\u00dfe: 45-48cm Geschlecht: Fem Z\u00fcchter: Yagenji Standort Koihaus-Hitzendorf \/ AT Azukari, Nein<\/p>\n","protected":false},"featured_media":37262,"template":"","meta":[],"product_brand":[],"product_cat":[235,33],"product_tag":[178],"class_list":{"0":"post-27605","1":"product","2":"type-product","3":"status-publish","4":"has-post-thumbnail","6":"product_cat-40-50-cm","7":"product_cat-koi","8":"product_tag-koihaus-becken-5","9":"product_shipping_class-koi","11":"first","12":"instock","13":"taxable","14":"shipping-taxable","15":"purchasable","16":"product-type-simple"},"_links":{"self":[{"href":"https:\/\/koisiegi.com\/index.php\/wp-json\/wp\/v2\/product\/27605","targetHints":{"allow":["GET"]}}],"collection":[{"href":"https:\/\/koisiegi.com\/index.php\/wp-json\/wp\/v2\/product"}],"about":[{"href":"https:\/\/koisiegi.com\/index.php\/wp-json\/wp\/v2\/types\/product"}],"wp:featuredmedia":[{"embeddable":true,"href":"https:\/\/koisiegi.com\/index.php\/wp-json\/wp\/v2\/media\/37262"}],"wp:attachment":[{"href":"https:\/\/koisiegi.com\/index.php\/wp-json\/wp\/v2\/media?parent=27605"}],"wp:term":[{"taxonomy":"product_brand","embeddable":true,"href":"https:\/\/koisiegi.com\/index.php\/wp-json\/wp\/v2\/product_brand?post=27605"},{"taxonomy":"product_cat","embeddable":true,"href":"https:\/\/koisiegi.com\/index.php\/wp-json\/wp\/v2\/product_cat?post=27605"},{"taxonomy":"product_tag","embeddable":true,"href":"https:\/\/koisiegi.com\/index.php\/wp-json\/wp\/v2\/product_tag?post=27605"}],"curies":[{"name":"wp","href":"https:\/\/api.w.org\/{rel}","templated":true}]}}