{"id":19544,"date":"2023-09-07T15:30:59","date_gmt":"2023-09-07T13:30:59","guid":{"rendered":"https:\/\/koisiegi.com\/?post_type=product&#038;p=19544"},"modified":"2025-07-03T17:59:34","modified_gmt":"2025-07-03T15:59:34","slug":"nutramare-koibasic-swim-45-kg-45mm","status":"publish","type":"product","link":"https:\/\/koisiegi.com\/index.php\/product\/nutramare-koibasic-swim-45-kg-45mm\/","title":{"rendered":"Nutramare Koi360 Pro Basic SWIM 4,5 kg"},"content":{"rendered":"<div class=\"product-section\">\n<div class=\"row\">\n<div class=\"large-2 col pb-0 mb-0\">\n<h3 class=\"uppercase mt\"><a href=\"tel:+436648368585\">Info unter +43 664 8368585<\/a><\/h3>\n<div class=\"product-section\">\n<div class=\"row\">\n<div class=\"large-2 col pb-0 mb-0\">\n<h2 class=\"uppercase mt\">Nutramare Koi360 Basic SWIM 4,5 mm<\/h2>\n<\/div>\n<div class=\"large-10 col pb-0 mb-0\">\n<div class=\"panel entry-content\">Nutramare Koi Basic ist unser Allein-Koifutter, welches auch dem preisbewussten Koiliebhaber eine gute Grundversorgung seiner Koi bietet. Mit dem eigens entwickelten Nutramare Basisfutter haben wir uns bewusst auf die hochwertigen Grundrohstoffe konzentriert und auf teure Zus\u00e4tze wie Algen, Kr\u00e4uter\u00f6le oder Weizenkeime verzichtet. Der Fokus liegt auf einem guten Preis-Leistungsverh\u00e4ltnis, ohne gro\u00dfe Abstriche bei der Qualit\u00e4t machen. So setzen wir mit Lachs \u00f6l, einer Aminos\u00e4urenoptimierung durch Methionin und Lysin und der Hinzugabe von Montillit Aktivton, weiterhin auf eine grundlegende Optimierung des Futters. Die schwimmenden 4,5 mm Futterpellets sorgen dabei f\u00fcr eine leichte Futteraufnahme der Koi.<\/div>\n<\/div>\n<\/div>\n<\/div>\n<div class=\"product-section\">\n<div class=\"row\">\n<div class=\"large-2 col pb-0 mb-0\"><\/div>\n<div class=\"large-10 col pb-0 mb-0\">\n<div class=\"panel entry-content\"><\/div>\n<\/div>\n<\/div>\n<\/div>\n<div class=\"product-section\">\n<div class=\"row\">\n<div class=\"large-10 col pb-0 mb-0\">\n<div class=\"panel entry-content\">\n<h2 class=\"yikes-custom-woo-tab-title yikes-custom-woo-tab-title-zusammensetzung\">Zusammensetzung<\/h2>\n<p>LT-Fischmehl [37,5 %], hydrothermisch aufgeschlossenes Getreide, Erbsenst\u00e4rke [12 %], Lachs \u00f6l [4 %], Mineralstoffe, Weizenkeime [2,5 %]<\/p>\n<p><strong>Analytische Bestandteile:<\/strong><br \/>\nProtein: 36,50 %<br \/>\nRohfett: 9,00 %<br \/>\nRohfaser: 1,60 %<br \/>\nRohasche: 10,30 %<\/p>\n<p><strong>Ern\u00e4hrungsphysiologische Zusatzstoffe:<br \/>\n<\/strong>Vitamin D3 (3a671): 2.000 I.E.<br \/>\nEisen (Eisen(II)-Sulfat): 125 mg<br \/>\nIod (Calciumjodat): 2 mg<br \/>\nKupfer \u2013 (Kupfer (II) Sulfat): 6 mg<br \/>\nMangan (Mangan-(II)-Oxid): 20 mg<br \/>\nZink (Zinkoxid): 80 mg<br \/>\nL-Methionin: 2.000 mg<br \/>\nL-Lysin: 1.000 mg<\/p>\n<p><strong>Technologische Zusatzstoffe:<\/strong><br \/>\nBentonit-Montmorillonit (1m558i): 5.000 mg<br \/>\nStark tocopherolhaltige Extrakte (1b306i): 800 mg<\/p>\n<p><strong>Sensorische Zusatzstoffe:<\/strong><br \/>\nAstaxanthin (2a161j): 10 mg<\/p>\n<\/div>\n<\/div>\n<\/div>\n<\/div>\n<\/div>\n<\/div>\n<\/div>\n","protected":false},"excerpt":{"rendered":"<ul>\n<li>Steigerung der Farbintensit\u00e4t<\/li>\n<li>Hochwertige Proteine und \u00d6le<\/li>\n<li>Optimaler Mikro-\/Makron\u00e4hrstoffgehalt<\/li>\n<li>Nat\u00fcrliches Kr\u00e4uter\u00f6l zur Unterst\u00fctzung der Fischgesundheit<\/li>\n<\/ul>\n","protected":false},"featured_media":19547,"template":"","meta":[],"product_brand":[],"product_cat":[96,176],"product_tag":[177],"class_list":{"0":"post-19544","1":"product","2":"type-product","3":"status-publish","4":"has-post-thumbnail","6":"product_cat-futter","7":"product_cat-nutra-mare","8":"product_tag-nutramare","9":"product_shipping_class-futter","11":"first","12":"instock","13":"taxable","14":"shipping-taxable","15":"purchasable","16":"product-type-simple"},"_links":{"self":[{"href":"https:\/\/koisiegi.com\/index.php\/wp-json\/wp\/v2\/product\/19544","targetHints":{"allow":["GET"]}}],"collection":[{"href":"https:\/\/koisiegi.com\/index.php\/wp-json\/wp\/v2\/product"}],"about":[{"href":"https:\/\/koisiegi.com\/index.php\/wp-json\/wp\/v2\/types\/product"}],"wp:featuredmedia":[{"embeddable":true,"href":"https:\/\/koisiegi.com\/index.php\/wp-json\/wp\/v2\/media\/19547"}],"wp:attachment":[{"href":"https:\/\/koisiegi.com\/index.php\/wp-json\/wp\/v2\/media?parent=19544"}],"wp:term":[{"taxonomy":"product_brand","embeddable":true,"href":"https:\/\/koisiegi.com\/index.php\/wp-json\/wp\/v2\/product_brand?post=19544"},{"taxonomy":"product_cat","embeddable":true,"href":"https:\/\/koisiegi.com\/index.php\/wp-json\/wp\/v2\/product_cat?post=19544"},{"taxonomy":"product_tag","embeddable":true,"href":"https:\/\/koisiegi.com\/index.php\/wp-json\/wp\/v2\/product_tag?post=19544"}],"curies":[{"name":"wp","href":"https:\/\/api.w.org\/{rel}","templated":true}]}}