{"id":19525,"date":"2023-09-07T14:40:17","date_gmt":"2023-09-07T12:40:17","guid":{"rendered":"https:\/\/koisiegi.com\/?post_type=product&#038;p=19525"},"modified":"2025-07-03T18:00:27","modified_gmt":"2025-07-03T16:00:27","slug":"nutramare-koi360-sensitiv-sink-45-kg","status":"publish","type":"product","link":"https:\/\/koisiegi.com\/index.php\/product\/nutramare-koi360-sensitiv-sink-45-kg\/","title":{"rendered":"Nutramare Koi360 Pro Sensitiv SINK 4,5 kg"},"content":{"rendered":"<div class=\"product-section\">\n<div class=\"row\">\n<div class=\"large-2 col pb-0 mb-0\">\n<h5 class=\"uppercase mt\">ESCHREIBUNG<\/h5>\n<\/div>\n<div class=\"large-10 col pb-0 mb-0\">\n<div class=\"panel entry-content\">\n<h2>Nutramare Koi360 Sensitiv SINK 4,5mm: Unser sinkendes Koifutter f\u00fcr die sensiblen Momente<\/h2>\n<p>Das sinkende Koifutter Nutramare Koi360-Sensitiv ist ern\u00e4hrungsphysiologisch optimal auf die Bed\u00fcrfnisse von Koi abgestimmt und besonders f\u00fcr alle kritischen Situationen entwickelt. Das sinkende Futter ist maximal hochwertig, weist aber einen minimierten Protein- Phosphat- und Energiegehalt auf. Besonders im Winter und schlechten Witterungen ist die sinkende Variante von Vorteil. Die kleineren 2,5 mm Pellets sind besonders leicht verdaulich durch LT-Fischmehl und Insektenprotein. Es beinhaltet au\u00dferdem farbunterst\u00fctzende Zutaten wie Astaxanthin. Zus\u00e4tzlich weist es einen hohen Gehalt an Gesundheitsf\u00f6rderer und Vitamine auf. Somit unterst\u00fctzt es den Koi in jeder Situation, besonders geschw\u00e4chte Koi werden durch den geringeren Verdauungsstress entlastet.<\/p>\n<\/div>\n<\/div>\n<\/div>\n<\/div>\n<div class=\"product-section\">\n<div class=\"row\">\n<div class=\"large-2 col pb-0 mb-0\"><\/div>\n<div><\/div>\n<div class=\"panel entry-content\"><\/div>\n<\/div>\n<\/div>\n<div class=\"product-section\">\n<div class=\"row\">\n<div class=\"large-10 col pb-0 mb-0\">\n<div class=\"panel entry-content\">\n<h2 class=\"yikes-custom-woo-tab-title yikes-custom-woo-tab-title-zusammensetzung\">Zusammensetzung<\/h2>\n<p>Hydrothermisch aufgeschlossener Weizen, LT Fischmehl [21 %], Erbsenprotein [8], Weizenkeime [8 %], Insekten [5 %], Shrimpsmehl [5 %], Rapsschrot, Sonnenblumenkernschrot, Saaten, Mineralstoffe, Lachs\u00f6l [3 %], Wei\u00dfer Federmohn, Hefeprodukt (reich an MOS und Beta-Glucane), Oregano\u00f6l<\/p>\n<p><strong>Analytische Bestandteile:<\/strong><br \/>\nProtein: 35,00 %<br \/>\nRohfett: 10,00 %<br \/>\nRohfaser: 2,25 %<br \/>\nRohasche: 10,10 %<\/p>\n<p><strong>Zusatzstoffe je kg:<\/strong><br \/>\n<strong>Ern\u00e4hrungsphysiologische Zusatzstoffe:<\/strong><br \/>\nVitamin A (3a672a): 15000 I.E., Vitamin D3 (3aE671): 3000 I.E., Vitamin E (3a700): 800mg\/kg, Eisen (Eisen(II)-sulfat-heptahydrat &#8211; 3b104): 187,5 mg, Iod (Calciumjodat &#8211; 3b202): 3 mg, Kupfer (Kupfer (II) Sulfat &#8211; Pentahydrat &#8211; 3b405): 9 mg, Mangan (Mangan-(II)-Oxid &#8211; 3b502): 30 mg, Zink (Zinkoxid &#8211; 3b603): 120 mg, L-Lysin: 2000 mg, L-Methionin: 2000 mg<\/p>\n<p><strong>Technologische Zusatzstoffe:<\/strong><br \/>\nBentonit-Montmorillonit (1m558i): 1000 mg, Tocopherolhaltige Extrakte (1b306i): 800 mg<\/p>\n<p><strong>Sensorische Zusatzstoffe:<\/strong><br \/>\nAstaxanthin (2a161j): 80 mg<\/p>\n<\/div>\n<\/div>\n<\/div>\n<\/div>\n","protected":false},"excerpt":{"rendered":"<ul>\n<li>Steigerung der Farbintensit\u00e4t<\/li>\n<li>Hochwertige Proteine und \u00d6le<\/li>\n<li>Optimaler Mikro-\/Makron\u00e4hrstoffgehalt<\/li>\n<li>Nat\u00fcrliches Kr\u00e4uter\u00f6l zur Unterst\u00fctzung der Fischgesundheit<\/li>\n<\/ul>\n","protected":false},"featured_media":19527,"template":"","meta":[],"product_brand":[],"product_cat":[96,176],"product_tag":[177],"class_list":{"0":"post-19525","1":"product","2":"type-product","3":"status-publish","4":"has-post-thumbnail","6":"product_cat-futter","7":"product_cat-nutra-mare","8":"product_tag-nutramare","9":"product_shipping_class-futter","11":"first","12":"instock","13":"taxable","14":"shipping-taxable","15":"purchasable","16":"product-type-simple"},"_links":{"self":[{"href":"https:\/\/koisiegi.com\/index.php\/wp-json\/wp\/v2\/product\/19525","targetHints":{"allow":["GET"]}}],"collection":[{"href":"https:\/\/koisiegi.com\/index.php\/wp-json\/wp\/v2\/product"}],"about":[{"href":"https:\/\/koisiegi.com\/index.php\/wp-json\/wp\/v2\/types\/product"}],"wp:featuredmedia":[{"embeddable":true,"href":"https:\/\/koisiegi.com\/index.php\/wp-json\/wp\/v2\/media\/19527"}],"wp:attachment":[{"href":"https:\/\/koisiegi.com\/index.php\/wp-json\/wp\/v2\/media?parent=19525"}],"wp:term":[{"taxonomy":"product_brand","embeddable":true,"href":"https:\/\/koisiegi.com\/index.php\/wp-json\/wp\/v2\/product_brand?post=19525"},{"taxonomy":"product_cat","embeddable":true,"href":"https:\/\/koisiegi.com\/index.php\/wp-json\/wp\/v2\/product_cat?post=19525"},{"taxonomy":"product_tag","embeddable":true,"href":"https:\/\/koisiegi.com\/index.php\/wp-json\/wp\/v2\/product_tag?post=19525"}],"curies":[{"name":"wp","href":"https:\/\/api.w.org\/{rel}","templated":true}]}}