{"id":19500,"date":"2023-09-07T13:20:44","date_gmt":"2023-09-07T11:20:44","guid":{"rendered":"https:\/\/koisiegi.com\/?post_type=product&#038;p=19500"},"modified":"2026-03-17T17:24:12","modified_gmt":"2026-03-17T16:24:12","slug":"nutramare-koi360-swim-10-kg-45mm","status":"publish","type":"product","link":"https:\/\/koisiegi.com\/index.php\/product\/nutramare-koi360-swim-10-kg-45mm\/","title":{"rendered":"Nutramare Koi360 Pro Wachstum SWIM 10 kg"},"content":{"rendered":"<div class=\"product-section\">\n<div class=\"row\">\n<div class=\"large-2 col pb-0 mb-0\">\n<h3 class=\"uppercase mt\"><a href=\"tel:+436648368585\">Info unter +43 664 8368585<\/a><\/h3>\n<\/div>\n<div class=\"large-10 col pb-0 mb-0\">\n<div class=\"panel entry-content\">\n<h2>Nutramare Koi360 SWIM 4,5mm: N\u00e4hrstoffoptimiert nach aktuellen Forschungserkenntnissen<\/h2>\n<p>Unser schwimmendes Alleinfutter Nutramare Koi360 Swim ist anhand neuester wissenschaftlicher Forschung ern\u00e4hrungsphysiologisch auf den Bedarf von Koi optimiert. Das optimale Protein\/Fett-Verh\u00e4ltnis gew\u00e4hrleistet eine verbesserte Futterverwertung. Wertvolles Astaxanthin und Spirulina sorgen f\u00fcr eine Steigerung der Farbintensit\u00e4t. Zus\u00e4tze zur Gesundheitsunterst\u00fctzung, wie Omega 3-Fetts\u00e4uren, Antioxidantien sowie nat\u00fcrliches Kr\u00e4uter\u00f6l erhalten die Vitalit\u00e4t Ihrer Fische. Nutramare Koi360 Swim ist die Rundumversorgung f\u00fcr Ihre Koi. Die Gr\u00f6\u00dfe der schwimmenden Futterpellets betr\u00e4gt 4,5 mm. Dadurch k\u00f6nnen die Futterkugeln leicht vom Koi aufgenommen und verdaut werden.<\/p>\n<\/div>\n<\/div>\n<\/div>\n<\/div>\n<div class=\"product-section\">\n<div class=\"row\">\n<div class=\"large-2 col pb-0 mb-0\">\n<h5 class=\"uppercase mt\"><\/h5>\n<\/div>\n<div class=\"large-10 col pb-0 mb-0\">\n<div class=\"panel entry-content\">\n<h2 class=\"yikes-custom-woo-tab-title yikes-custom-woo-tab-title-zusammensetzung\">Zusammensetzung<\/h2>\n<p>LT Fischmehl [44 %], hydrothermisch aufgeschlossenes Getreide, Lachs\u00f6l [6,5 %], Weizenkeime [5 %], Spirulina [2,5 %], Weizenst\u00e4rke, Mineralstoffe, Krillmehl (1%), Hefeprodukt (reich an MOS und Beta-Glucane), Knoblauchpulver, Traubenkerntrester, Schwarzk\u00fcmmel\u00f6l, Thymian\u00f6l, Rosmarin\u00f6l, Basilikum\u00f6l, Oregano\u00f6l<\/p>\n<p><strong>Analytische Bestandteile:<\/strong><br \/>\nProtein: 40,00 %<br \/>\nRoh fett: 12,50 %<br \/>\nRohfaser: 1,49 %<br \/>\nRohasche: 11,00 %<\/p>\n<p><strong>Zusatzstoffe pro kg: Ern\u00e4hrungsphysiologische Zusatzstoffe:<br \/>\n<\/strong>Vitamin D3 (3a671): 3.000 I.E.<br \/>\nEisen (Eisen(II)-Sulfat): 187,5 mg<br \/>\nIod (Calciumjodat): 3 mg<br \/>\nKupfer \u2013 (Kupfer (II) Sulfat): 9 mg<br \/>\nMangan (Mangan-(II)-Oxid): 30 mg<br \/>\nZink (Zinkoxid): 120 mg<br \/>\nL-Lysin: 1.000 mg<br \/>\nL-Methionin: 2.000 mg<\/p>\n<p><strong>Technologische Zusatzstoffe:<\/strong><br \/>\nBentonit-Montmorillonit (1m558i): 5.000 mg<br \/>\nTocopherolhaltige Extrakte (1b306i): 800 mg<br \/>\nLecithin (1c322): 5.000 mg<\/p>\n<p><strong>Sensorische Zusatzstoffe:<\/strong><br \/>\nAstaxanthin (2a161j): 20 mg<br \/>\nCantaxathin (2a161g): 30 mg<br \/>\nSteviaextract (CoE 552): 200 mg<\/p>\n<\/div>\n<\/div>\n<\/div>\n<\/div>\n","protected":false},"excerpt":{"rendered":"<ul>\n<li>Steigerung der Farbintensit\u00e4t<\/li>\n<li>Hochwertige Proteine und \u00d6le<\/li>\n<li>Optimaler Mikro-\/Makron\u00e4hrstoffgehalt<\/li>\n<li>Nat\u00fcrliches Kr\u00e4uter\u00f6l zur Unterst\u00fctzung der Fischgesundheit<\/li>\n<\/ul>\n","protected":false},"featured_media":19503,"template":"","meta":[],"product_brand":[],"product_cat":[96,176],"product_tag":[232,233,227,228,229,220,221,222,177,230,223,224,231,225,226],"class_list":{"0":"post-19500","1":"product","2":"type-product","3":"status-publish","4":"has-post-thumbnail","6":"product_cat-futter","7":"product_cat-nutra-mare","8":"product_tag-10kg","9":"product_tag-15kg","10":"product_tag-alleinfutter","11":"product_tag-bacic","12":"product_tag-fischmehl","13":"product_tag-fruehjahr","14":"product_tag-koi360","15":"product_tag-koifutter","16":"product_tag-nutramare","17":"product_tag-probiotisch","18":"product_tag-schwimmend","19":"product_tag-sensitiv","20":"product_tag-sinkend","21":"product_tag-sommer","22":"product_tag-swim","23":"product_shipping_class-futter","25":"first","26":"instock","27":"taxable","28":"shipping-taxable","29":"purchasable","30":"product-type-simple"},"_links":{"self":[{"href":"https:\/\/koisiegi.com\/index.php\/wp-json\/wp\/v2\/product\/19500","targetHints":{"allow":["GET"]}}],"collection":[{"href":"https:\/\/koisiegi.com\/index.php\/wp-json\/wp\/v2\/product"}],"about":[{"href":"https:\/\/koisiegi.com\/index.php\/wp-json\/wp\/v2\/types\/product"}],"wp:featuredmedia":[{"embeddable":true,"href":"https:\/\/koisiegi.com\/index.php\/wp-json\/wp\/v2\/media\/19503"}],"wp:attachment":[{"href":"https:\/\/koisiegi.com\/index.php\/wp-json\/wp\/v2\/media?parent=19500"}],"wp:term":[{"taxonomy":"product_brand","embeddable":true,"href":"https:\/\/koisiegi.com\/index.php\/wp-json\/wp\/v2\/product_brand?post=19500"},{"taxonomy":"product_cat","embeddable":true,"href":"https:\/\/koisiegi.com\/index.php\/wp-json\/wp\/v2\/product_cat?post=19500"},{"taxonomy":"product_tag","embeddable":true,"href":"https:\/\/koisiegi.com\/index.php\/wp-json\/wp\/v2\/product_tag?post=19500"}],"curies":[{"name":"wp","href":"https:\/\/api.w.org\/{rel}","templated":true}]}}