{"id":10274,"date":"2023-03-14T17:03:49","date_gmt":"2023-03-14T16:03:49","guid":{"rendered":"https:\/\/koisiegi.com\/?post_type=product&#038;p=10274"},"modified":"2024-09-16T13:27:37","modified_gmt":"2024-09-16T11:27:37","slug":"superfish-transportkescher","status":"publish","type":"product","link":"https:\/\/koisiegi.com\/index.php\/product\/superfish-transportkescher\/","title":{"rendered":"Superfish Transportkescher"},"content":{"rendered":"<p>Transportkescher sind zum fangen und umsetzen von Koi . Das Netz am Ende des Schlauch erleichtern das Ablassen des Wassers.\u00a0 Der schwarzen Schlauch ist komplett wasserdurchl\u00e4ssig, man sch\u00f6pft den Koi einfach aus dem Teich und das Wasser flie\u00dft ab, was das Anheben eines gro\u00dfen Koi erleichtert.<\/p>\n<p>\u00d8 30 cm<\/p>\n<p>L\u00e4nge ca. 130 cm<\/p>\n","protected":false},"excerpt":{"rendered":"<p>Kescher 60\/80cm<\/p>\n","protected":false},"featured_media":10275,"template":"","meta":[],"product_brand":[],"product_cat":[153,39],"product_tag":[154],"class_list":{"0":"post-10274","1":"product","2":"type-product","3":"status-publish","4":"has-post-thumbnail","6":"product_cat-kescher","7":"product_cat-zubehoer","8":"product_tag-kescher","9":"product_shipping_class-zubehoer","11":"first","12":"instock","13":"taxable","14":"shipping-taxable","15":"purchasable","16":"product-type-simple"},"_links":{"self":[{"href":"https:\/\/koisiegi.com\/index.php\/wp-json\/wp\/v2\/product\/10274","targetHints":{"allow":["GET"]}}],"collection":[{"href":"https:\/\/koisiegi.com\/index.php\/wp-json\/wp\/v2\/product"}],"about":[{"href":"https:\/\/koisiegi.com\/index.php\/wp-json\/wp\/v2\/types\/product"}],"wp:featuredmedia":[{"embeddable":true,"href":"https:\/\/koisiegi.com\/index.php\/wp-json\/wp\/v2\/media\/10275"}],"wp:attachment":[{"href":"https:\/\/koisiegi.com\/index.php\/wp-json\/wp\/v2\/media?parent=10274"}],"wp:term":[{"taxonomy":"product_brand","embeddable":true,"href":"https:\/\/koisiegi.com\/index.php\/wp-json\/wp\/v2\/product_brand?post=10274"},{"taxonomy":"product_cat","embeddable":true,"href":"https:\/\/koisiegi.com\/index.php\/wp-json\/wp\/v2\/product_cat?post=10274"},{"taxonomy":"product_tag","embeddable":true,"href":"https:\/\/koisiegi.com\/index.php\/wp-json\/wp\/v2\/product_tag?post=10274"}],"curies":[{"name":"wp","href":"https:\/\/api.w.org\/{rel}","templated":true}]}}