{"id":10256,"date":"2023-03-14T14:22:01","date_gmt":"2023-03-14T13:22:01","guid":{"rendered":"https:\/\/koisiegi.com\/?post_type=product&#038;p=10256"},"modified":"2024-09-16T13:28:37","modified_gmt":"2024-09-16T11:28:37","slug":"ladegeraet-fuer-superfish-solar-fish-feeder-futterautomat","status":"publish","type":"product","link":"https:\/\/koisiegi.com\/index.php\/product\/ladegeraet-fuer-superfish-solar-fish-feeder-futterautomat\/","title":{"rendered":"Ladeger\u00e4t f\u00fcr SuperFish Solar Fish Feeder Futterautomat"},"content":{"rendered":"<p><strong>Ladeger\u00e4t f\u00fcr SuperFish Solar Fish Feeder Futterautomat<\/strong><\/p>\n<p>Mit diesem Adapter k\u00f6nnen Sie die Batterie Ihres Solar Fish Feeders schnell wieder aufladen, falls diese durch zu wenig Sonnenlicht nicht mehr geladen wird. Entfernen Sie das Ladeger\u00e4t sofort, nachdem der Fish Feeder vollst\u00e4ndig geladen ist (maximale Ladezeit ist 3 Stunden), um eine \u00dcberhitzung der Batterie zu vermeiden. Verwenden Sie das Ladeger\u00e4t nur in Innenr\u00e4umen.<\/p>\n<p>&nbsp;<\/p>\n<ul>\n<li>Solarbetrieben, ausgestattet mit einer Hochleistungs-Lithium-Batterie (2200 mA), bei voller Aufladung kann der Feeder bis zu 3 Monate ohne Sonnenlicht betrieben werden (12 Volt Ladeadapter liegt bei).<\/li>\n<li>Einfache Programmierung, 1 bis 6 Futterausgaben pro Tag.<\/li>\n<li>Futtermenge pro F\u00fctterung einstellbar (Dosierzeit 0-20 Sekunden).<\/li>\n<li>Einstellbarer Streuabstand (1, 2 oder 3 Meter) mit einem Streuwinkel von 120\u00b0.<\/li>\n<li>Einfache digitale Programmierung.<\/li>\n<li>Geeignet f\u00fcr Pellets zwischen 3-10 mm.<\/li>\n<li>Transparenter Beh\u00e4lter f\u00fcr mindestens 6 Liter Futter.<\/li>\n<li>Der Deckel kann zugeklickt werden.<\/li>\n<li>Stabiler Sockel, kann auf eine Oberfl\u00e4che geschraubt oder mit den mitgelieferten Erdspie\u00dfen im Boden befestigt werden.<\/li>\n<li>Hergestellt aus robustem und langlebigem ABS-Kunststoff.<\/li>\n<\/ul>\n","protected":false},"excerpt":{"rendered":"<p>Superfish Fish Feeder \/ Koi Futterautomat<\/p>\n","protected":false},"featured_media":10257,"template":"","meta":[],"product_brand":[],"product_cat":[110,39],"product_tag":[109],"class_list":{"0":"post-10256","1":"product","2":"type-product","3":"status-publish","4":"has-post-thumbnail","6":"product_cat-futterautomat","7":"product_cat-zubehoer","8":"product_tag-futterautomat","9":"product_shipping_class-zubehoer","11":"first","12":"instock","13":"taxable","14":"shipping-taxable","15":"purchasable","16":"product-type-simple"},"_links":{"self":[{"href":"https:\/\/koisiegi.com\/index.php\/wp-json\/wp\/v2\/product\/10256","targetHints":{"allow":["GET"]}}],"collection":[{"href":"https:\/\/koisiegi.com\/index.php\/wp-json\/wp\/v2\/product"}],"about":[{"href":"https:\/\/koisiegi.com\/index.php\/wp-json\/wp\/v2\/types\/product"}],"wp:featuredmedia":[{"embeddable":true,"href":"https:\/\/koisiegi.com\/index.php\/wp-json\/wp\/v2\/media\/10257"}],"wp:attachment":[{"href":"https:\/\/koisiegi.com\/index.php\/wp-json\/wp\/v2\/media?parent=10256"}],"wp:term":[{"taxonomy":"product_brand","embeddable":true,"href":"https:\/\/koisiegi.com\/index.php\/wp-json\/wp\/v2\/product_brand?post=10256"},{"taxonomy":"product_cat","embeddable":true,"href":"https:\/\/koisiegi.com\/index.php\/wp-json\/wp\/v2\/product_cat?post=10256"},{"taxonomy":"product_tag","embeddable":true,"href":"https:\/\/koisiegi.com\/index.php\/wp-json\/wp\/v2\/product_tag?post=10256"}],"curies":[{"name":"wp","href":"https:\/\/api.w.org\/{rel}","templated":true}]}}