{"id":812,"date":"2016-09-01T10:49:45","date_gmt":"2016-09-01T08:49:45","guid":{"rendered":"https:\/\/koisiegi.com\/?page_id=812"},"modified":"2024-05-24T16:56:18","modified_gmt":"2024-05-24T14:56:18","slug":"ueber-uns","status":"publish","type":"page","link":"https:\/\/koisiegi.com\/index.php\/ueber-uns\/","title":{"rendered":"\u00dcber uns"},"content":{"rendered":"<p><strong>Unsere Entstehungsgeschichte &#8230;<\/strong><\/p>\n<p style=\"text-align: left;\">Unsere Faszination f\u00fcr Fische resultierte vor fast zwei Jahrzehnt in der Best\u00fcckung eines Gartenteichs mit zwei Koi. Nach einigen Jahren folgte der Bau eines privaten 50m\u00b3 Beckens mit Trommelfilter, Helix Kammer und Biofilter. Die \u00e4u\u00dferst spannenden und positiven Erlebnisse beim Betrieb dieser Anlage steigerten unser Interesse an den Zucht- und Lebensbedingungen der Koi. Nach gesammelten Eindr\u00fccken der ersten Japanreise mit Eigenselektion reifte die Idee, unsere hohen Anspr\u00fcche an Qualit\u00e4t und Tiergesundheit im Rahmen eines professionellen Handels zu leben. Der n\u00e4chste logische Schritt war der Bau des aktuellen Koihauses mit 7 biologisch eigenst\u00e4ndigen Becken von insgesamt 100m\u00b3. Sowie eine Quarant\u00e4ne mit 6 eigenst\u00e4ndigen Becken. Den Bau des Japangarten haben wir 5\/ 2018 begonnen mit zwei Au\u00dfen Teichen die auch jeweils separat gefiltert werden .<\/p>\n<p>Wir reisen j\u00e4hrlich nach Japan und selektieren die Koi vor Ort pers\u00f6nlich, um unseren Qualit\u00e4tsanspr\u00fcchen und den W\u00fcnschen unserer Kunden bestm\u00f6glich gerecht zu werden. Nach der Reise nach Europa und der obligatorischen Quarant\u00e4ne-Zeit von 2 Monaten g\u00f6nnen wir unseren Fischen weitere 4 Monate stressfreien Schwimmens unter bestm\u00f6glicher Betreuung. Wir\u00a0versorgen unsere gesamte technische Infrastruktur, das hei\u00dft auch s\u00e4mtliche Pumpen (inkl. W\u00e4rmepumpe) ausschlie\u00dflich mit CO2-neutralem Strom aus unserer hauseigenen Photovoltaik-Anlage. Die Beheizung der Becken erfolgt mittels regional produzierter Biomasse. Das integrierte Strom-Monitoring erm\u00f6glicht uns die permanente und genaue Messung sowie Aufzeichnung des Energiebedarfs unseres Koihauses. So k\u00f6nnen wir vorhandenes Energiesparpotential zu jeder Jahreszeit bestm\u00f6glich nutzen und die gewonnenen Erfahrungswerte auch an unsere Kunden weitergeben. Unabh\u00e4ngig davon, ob Sie Ihre eigene Teichanlage energieautark betreiben m\u00f6chten oder nicht \u2013 von unserem Know-How profitiert neben der Umwelt auch Ihre Geldb\u00f6rse!<\/p>\n<p style=\"text-align: center;\">Qualit\u00e4t, dauerhafte Gesundheit und Tierschutz stehen f\u00fcr uns an erster Stelle.<\/p>\n<p>\u00a0<\/p>\n\n\n<div class=\"wp-block-columns is-layout-flex wp-container-core-columns-is-layout-28f84493 wp-block-columns-is-layout-flex\">\n<div class=\"wp-block-column is-layout-flow wp-block-column-is-layout-flow\">\n<figure class=\"wp-block-image size-large\"><img loading=\"lazy\" decoding=\"async\" width=\"1024\" height=\"768\" src=\"https:\/\/victorh10.apconsult.at\/~user547\/wp-content\/uploads\/2022\/02\/20161020_173352-1-scaled-1-1024x768.jpg\" alt=\"\" class=\"wp-image-8872\" srcset=\"https:\/\/koisiegi.com\/wp-content\/uploads\/2022\/02\/20161020_173352-1-scaled-1-1024x768.jpg 1024w, https:\/\/koisiegi.com\/wp-content\/uploads\/2022\/02\/20161020_173352-1-scaled-1-300x225.jpg 300w, https:\/\/koisiegi.com\/wp-content\/uploads\/2022\/02\/20161020_173352-1-scaled-1-768x576.jpg 768w, https:\/\/koisiegi.com\/wp-content\/uploads\/2022\/02\/20161020_173352-1-scaled-1-1536x1152.jpg 1536w, https:\/\/koisiegi.com\/wp-content\/uploads\/2022\/02\/20161020_173352-1-scaled-1-2048x1536.jpg 2048w, https:\/\/koisiegi.com\/wp-content\/uploads\/2022\/02\/20161020_173352-1-scaled-1-416x312.jpg 416w\" sizes=\"auto, (max-width: 1024px) 100vw, 1024px\" \/><\/figure>\n<\/div>\n\n\n\n<div class=\"wp-block-column is-layout-flow wp-block-column-is-layout-flow\">\n<figure class=\"wp-block-image size-large\"><img loading=\"lazy\" decoding=\"async\" width=\"1024\" height=\"768\" src=\"https:\/\/victorh10.apconsult.at\/~user547\/wp-content\/uploads\/2022\/02\/IMG_20190501_090439-scaled-1-1024x768.jpg\" alt=\"\" class=\"wp-image-8871\" srcset=\"https:\/\/koisiegi.com\/wp-content\/uploads\/2022\/02\/IMG_20190501_090439-scaled-1-1024x768.jpg 1024w, https:\/\/koisiegi.com\/wp-content\/uploads\/2022\/02\/IMG_20190501_090439-scaled-1-300x225.jpg 300w, https:\/\/koisiegi.com\/wp-content\/uploads\/2022\/02\/IMG_20190501_090439-scaled-1-768x576.jpg 768w, https:\/\/koisiegi.com\/wp-content\/uploads\/2022\/02\/IMG_20190501_090439-scaled-1-1536x1152.jpg 1536w, https:\/\/koisiegi.com\/wp-content\/uploads\/2022\/02\/IMG_20190501_090439-scaled-1-2048x1536.jpg 2048w, https:\/\/koisiegi.com\/wp-content\/uploads\/2022\/02\/IMG_20190501_090439-scaled-1-416x312.jpg 416w\" sizes=\"auto, (max-width: 1024px) 100vw, 1024px\" \/><\/figure>\n<\/div>\n\n\n\n<div class=\"wp-block-column is-layout-flow wp-block-column-is-layout-flow\">\n<figure class=\"wp-block-image size-large\"><img loading=\"lazy\" decoding=\"async\" width=\"1024\" height=\"768\" src=\"https:\/\/victorh10.apconsult.at\/~user547\/wp-content\/uploads\/2022\/02\/IMG_20190501_090529-scaled-1-1024x768.jpg\" alt=\"\" class=\"wp-image-8870\" srcset=\"https:\/\/koisiegi.com\/wp-content\/uploads\/2022\/02\/IMG_20190501_090529-scaled-1-1024x768.jpg 1024w, https:\/\/koisiegi.com\/wp-content\/uploads\/2022\/02\/IMG_20190501_090529-scaled-1-300x225.jpg 300w, https:\/\/koisiegi.com\/wp-content\/uploads\/2022\/02\/IMG_20190501_090529-scaled-1-768x576.jpg 768w, https:\/\/koisiegi.com\/wp-content\/uploads\/2022\/02\/IMG_20190501_090529-scaled-1-1536x1152.jpg 1536w, https:\/\/koisiegi.com\/wp-content\/uploads\/2022\/02\/IMG_20190501_090529-scaled-1-2048x1536.jpg 2048w, https:\/\/koisiegi.com\/wp-content\/uploads\/2022\/02\/IMG_20190501_090529-scaled-1-416x312.jpg 416w\" sizes=\"auto, (max-width: 1024px) 100vw, 1024px\" \/><\/figure>\n<\/div>\n<\/div>\n","protected":false},"excerpt":{"rendered":"<p>Unsere Entstehungsgeschichte &#8230; Unsere Faszination f\u00fcr Fische resultierte vor fast zwei Jahrzehnt in der Best\u00fcckung eines Gartenteichs mit zwei Koi. Nach einigen Jahren folgte der Bau eines privaten 50m\u00b3 Beckens mit Trommelfilter, Helix Kammer und Biofilter. Die \u00e4u\u00dferst spannenden und positiven Erlebnisse beim Betrieb dieser Anlage steigerten unser Interesse an den Zucht- und Lebensbedingungen der [&hellip;]<\/p>\n","protected":false},"author":1,"featured_media":0,"parent":0,"menu_order":0,"comment_status":"closed","ping_status":"closed","template":"","meta":{"footnotes":""},"class_list":["post-812","page","type-page","status-publish","hentry"],"_links":{"self":[{"href":"https:\/\/koisiegi.com\/index.php\/wp-json\/wp\/v2\/pages\/812","targetHints":{"allow":["GET"]}}],"collection":[{"href":"https:\/\/koisiegi.com\/index.php\/wp-json\/wp\/v2\/pages"}],"about":[{"href":"https:\/\/koisiegi.com\/index.php\/wp-json\/wp\/v2\/types\/page"}],"author":[{"embeddable":true,"href":"https:\/\/koisiegi.com\/index.php\/wp-json\/wp\/v2\/users\/1"}],"replies":[{"embeddable":true,"href":"https:\/\/koisiegi.com\/index.php\/wp-json\/wp\/v2\/comments?post=812"}],"version-history":[{"count":0,"href":"https:\/\/koisiegi.com\/index.php\/wp-json\/wp\/v2\/pages\/812\/revisions"}],"wp:attachment":[{"href":"https:\/\/koisiegi.com\/index.php\/wp-json\/wp\/v2\/media?parent=812"}],"curies":[{"name":"wp","href":"https:\/\/api.w.org\/{rel}","templated":true}]}}