{"id":227,"date":"2016-02-20T17:50:09","date_gmt":"2016-02-20T16:50:09","guid":{"rendered":"https:\/\/petlovers.themeplayers.net\/\/?page_id=8"},"modified":"2026-03-16T07:00:17","modified_gmt":"2026-03-16T06:00:17","slug":"home","status":"publish","type":"page","link":"https:\/\/koisiegi.com\/","title":{"rendered":"KOI SIEGI &#8211; Die Nr. 1 bei Koi"},"content":{"rendered":"\n<figure class=\"wp-block-gallery has-nested-images columns-default is-cropped wp-block-gallery-1 is-layout-flex wp-block-gallery-is-layout-flex\">\n<figure class=\"wp-block-image size-large\"><img loading=\"lazy\" decoding=\"async\" width=\"960\" height=\"639\" data-id=\"36530\" src=\"https:\/\/koisiegi.com\/wp-content\/uploads\/2024\/05\/ks08.jpg\" alt=\"\" class=\"wp-image-36530\" srcset=\"https:\/\/koisiegi.com\/wp-content\/uploads\/2024\/05\/ks08.jpg 960w, https:\/\/koisiegi.com\/wp-content\/uploads\/2024\/05\/ks08-300x200.jpg 300w, https:\/\/koisiegi.com\/wp-content\/uploads\/2024\/05\/ks08-768x511.jpg 768w, https:\/\/koisiegi.com\/wp-content\/uploads\/2024\/05\/ks08-324x216.jpg 324w, https:\/\/koisiegi.com\/wp-content\/uploads\/2024\/05\/ks08-416x277.jpg 416w\" sizes=\"auto, (max-width: 960px) 100vw, 960px\" \/><figcaption class=\"wp-element-caption\">Japankoi-Koisiegi<\/figcaption><\/figure>\n<\/figure>\n\n\n<h4 data-start=\"268\" data-end=\"295\"><span style=\"color: #0000ff\"><strong data-start=\"268\" data-end=\"295\">Liebe Koisiegi-Familie,<\/strong><\/span><\/h4>\n<div class=\"relative basis-auto flex-col -mb-(--composer-overlap-px) [--composer-overlap-px:28px] grow flex\">\n<div class=\"flex flex-col text-sm pb-25\">\n<article class=\"text-token-text-primary w-full focus:outline-none [--shadow-height:45px] has-data-writing-block:pointer-events-none has-data-writing-block:-mt-(--shadow-height) has-data-writing-block:pt-(--shadow-height) [&amp;:has([data-writing-block])&gt;*]:pointer-events-auto scroll-mt-[calc(var(--header-height)+min(200px,max(70px,20svh)))]\" dir=\"auto\" data-turn-id=\"request-WEB:abeb59cf-5a1b-417a-b0a4-f453651f3457-2\" data-testid=\"conversation-turn-6\" data-scroll-anchor=\"true\" data-turn=\"assistant\">\n<div class=\"text-base my-auto mx-auto pb-10 [--thread-content-margin:var(--thread-content-margin-xs,calc(var(--spacing)*4))] @w-sm\/main:[--thread-content-margin:var(--thread-content-margin-sm,calc(var(--spacing)*6))] @w-lg\/main:[--thread-content-margin:var(--thread-content-margin-lg,calc(var(--spacing)*16))] px-(--thread-content-margin)\">\n<div class=\"[--thread-content-max-width:40rem] @w-lg\/main:[--thread-content-max-width:48rem] mx-auto max-w-(--thread-content-max-width) flex-1 group\/turn-messages focus-visible:outline-hidden relative flex w-full min-w-0 flex-col agent-turn\">\n<div class=\"flex max-w-full flex-col gap-4 grow\">\n<div class=\"min-h-8 text-message relative flex w-full flex-col items-end gap-2 text-start break-words whitespace-normal [.text-message+&amp;]:mt-1\" dir=\"auto\" data-message-author-role=\"assistant\" data-message-id=\"ddadad61-8613-46f0-86d2-9ebf7441c2f4\" data-message-model-slug=\"gpt-5-4-thinking\">\n<div class=\"flex w-full flex-col gap-1 empty:hidden\">\n<div class=\"markdown prose dark:prose-invert w-full wrap-break-word dark markdown-new-styling\">\n<p data-start=\"85\" data-end=\"162\"><span style=\"color: #0000ff\"><strong data-start=\"85\" data-end=\"162\">Saisonstart 2026 \u2013 Fr\u00fchling, Tosai &amp; der perfekte Start in die Koi-Saison<\/strong><\/span><\/p>\n<p data-start=\"164\" data-end=\"509\"><span style=\"color: #0000ff\">Der Fr\u00fchling bringt neues Leben in den Teich \u2013 und er\u00f6ffnet zugleich den Start in die Saison 2026. Sobald die Temperaturen langsam steigen, werden auch die Koi wieder aktiver. Besonders bei Tosai (kleinen) ist jetzt die richtige F\u00fctterung entscheidend, denn genau in dieser Phase werden wichtige Grundlagen f\u00fcr Gesundheit, Wachstum und Entwicklung gelegt.<\/span><\/p>\n<p data-start=\"511\" data-end=\"847\"><span style=\"color: #0000ff\">Nach der Winterruhe sollte die F\u00fctterung langsam, gezielt und mit hochwertigem Futter (zb. Nutramare) erfolgen. Junge Koi reagieren im Fr\u00fchjahr besonders sensibel, deshalb z\u00e4hlen jetzt Qualit\u00e4t, Beobachtung und das richtige Timing. Wer Tosai in dieser Zeit optimal begleitet, schafft die beste Basis f\u00fcr eine starke Entwicklung \u00fcber die gesamte Saison.<\/span><\/p>\n<p data-start=\"849\" data-end=\"1110\"><span style=\"color: #0000ff\">Bei <strong data-start=\"853\" data-end=\"865\">Koisiegi<\/strong> steht der Saisonstart 2026 f\u00fcr frische Energie, ausgesuchte Tosai und Nisai, hohe Qualit\u00e4t und echte Freude am Hobby. Wir begleiten euch mit Erfahrung, passenden Empfehlungen und einer sorgf\u00e4ltigen Auswahl an Koi f\u00fcr einen gelungenen Start ins neue Jahr.<\/span><\/p>\n<p data-start=\"1112\" data-end=\"1263\"><span style=\"color: #0000ff\"><strong data-start=\"1112\" data-end=\"1162\">Jetzt beginnt die spannendste Zeit der Saison:<\/strong><\/span><br data-start=\"1162\" data-end=\"1165\" \/><span style=\"color: #0000ff\">Tosai entdecken, richtig f\u00fcttern, Entwicklung beobachten und mit Freude ins Koi-Jahr 2026 starten.<\/span><\/p>\n<p data-start=\"1265\" data-end=\"1329\"><span style=\"color: #0000ff\"><strong data-start=\"1265\" data-end=\"1329\">Koisiegi \u2013 mit Qualit\u00e4t und Leidenschaft in die neue Saison.<\/strong><\/span><\/p>\n<p data-start=\"1416\" data-end=\"1829\">\u00a0<\/p>\n<\/div>\n<\/div>\n<\/div>\n<\/div>\n<div class=\"z-0 flex min-h-[46px] justify-start\">\u00a0<\/div>\n<div class=\"mt-3 w-full empty:hidden\">\n<div class=\"text-center\">\u00a0<\/div>\n<\/div>\n<\/div>\n<\/div>\n<\/article>\n<\/div>\n<div class=\"pointer-events-none h-px w-px absolute bottom-0\" aria-hidden=\"true\" data-edge=\"true\">\u00a0<\/div>\n<\/div>\n<div id=\"thread-bottom-container\" class=\"sticky bottom-0 group\/thread-bottom-container relative isolate z-10 w-full basis-auto has-data-has-thread-error:pt-2 has-data-has-thread-error:[box-shadow:var(--sharp-edge-bottom-shadow)] md:border-transparent md:pt-0 dark:border-white\/20 md:dark:border-transparent print:hidden content-fade single-line flex flex-col\">\n<div class=\"relative h-0\">\u00a0<\/div>\n<div id=\"thread-bottom\">\n<div class=\"text-base mx-auto [--thread-content-margin:var(--thread-content-margin-xs,calc(var(--spacing)*4))] @w-sm\/main:[--thread-content-margin:var(--thread-content-margin-sm,calc(var(--spacing)*6))] @w-lg\/main:[--thread-content-margin:var(--thread-content-margin-lg,calc(var(--spacing)*16))] px-(--thread-content-margin)\">\n<div class=\"[--thread-content-max-width:40rem] @w-lg\/main:[--thread-content-max-width:48rem] mx-auto max-w-(--thread-content-max-width) flex-1 mb-[var(--thread-component-gap,1rem)]\">\n<div class=\"pointer-events-auto relative z-1 flex h-(--composer-container-height,100%) max-w-full flex-(--composer-container-flex,1) flex-col\">\n<div class=\"\">\n<div class=\"bg-token-bg-primary corner-superellipse\/1.1 cursor-text overflow-clip bg-clip-padding p-2.5 contain-inline-size motion-safe:transition-colors motion-safe:duration-200 motion-safe:ease-in-out dark:bg-[#303030] grid grid-cols-[auto_1fr_auto] [grid-template-areas:'header_header_header'_'leading_primary_trailing'_'._footer_.'] group-data-expanded\/composer:[grid-template-areas:'header_header_header'_'primary_primary_primary'_'leading_footer_trailing'] shadow-short-composer\" data-composer-surface=\"true\">\n<div class=\"flex items-center gap-2 [grid-area:trailing]\">\n<div class=\"ms-auto flex items-center gap-1.5\">\n<div>\n<div class=\"relative\">\u00a0<\/div>\n<\/div>\n<\/div>\n<\/div>\n<\/div>\n<\/div>\n<\/div>\n<\/div>\n<\/div>\n<\/div>\n<\/div>\n<h4 style=\"text-align: center\" data-start=\"801\" data-end=\"1002\"><span style=\"color: #ff6600\"><a style=\"color: #ff6600\" href=\"tel:+436648368585\"><strong>Termin per Tel +43 664 8368585<\/strong><\/a><\/span><\/h4>\n<h4>\u00a0<\/h4>\n<h4 style=\"text-align: center\"><strong>Herzlich Willkommen <span style=\"color: #000000\">bei KOI SIEGI<\/span><\/strong><\/h4>\n<h4 style=\"text-align: center\"><span style=\"color: #000000\">\u00a0<\/span><span style=\"color: #000000\">Nur <strong>10 km s\u00fcdlich von Graz<\/strong> erwartet euch unser <strong>einzigartiges Koihaus Hitzendorf<\/strong> &#8211; umgeben von einem wundersch\u00f6nen <strong>Japangarten<\/strong> mit zwei <strong>Teichen<\/strong> und einem <strong>Teehaus<\/strong>.<\/span><\/h4>\n<h4>Taucht ein in die <strong>faszinierende Welt der Japan-Koi<\/strong>, bei uns findet ihr st\u00e4ndig <strong>500 bis 1500 Koi<\/strong> in den \u00fcber 22\u00a0 gepflegten Becken- von kleinen <strong>Tosai<\/strong> bis hin zu beeindruckenden <strong>Jumbokoi von 80-110cm<\/strong>.\u00a0<\/h4>\n<h4>Kommt vorbei, erlebt echte Koi-Qualit\u00e4t und lasst euch pers\u00f6nlich beraten.<\/h4>\n<h4><strong>Wir freuen uns auf euren Besuch!\u00a0<\/strong><\/h4>\n<h4 style=\"text-align: center\">\u00a0<\/h4>\n<h4 style=\"text-align: center\"><span style=\"color: #000000\"><strong>Termin Anruf:<br \/><a href=\"tel:+436648368585\"><span style=\"color: #0000ff\">+43 664 836 85 85<\/span><\/a><\/strong><\/span><\/h4>\n<div class=\"sc-bdfBwQ dnuUyE\" data-testid=\"ContactDetailsName\">\n<p class=\"sc-hKgILt lntDoI\" style=\"text-align: center\">\u00a0<\/p>\n<\/div>\n\n\n<ul class=\"wp-block-social-links aligncenter has-huge-icon-size is-layout-flex wp-block-social-links-is-layout-flex\"><li class=\"wp-social-link wp-social-link-facebook  wp-block-social-link\"><a href=\"https:\/\/www.facebook.com\/koisiegiaustria\" class=\"wp-block-social-link-anchor\"><svg width=\"24\" height=\"24\" viewBox=\"0 0 24 24\" version=\"1.1\" xmlns=\"http:\/\/www.w3.org\/2000\/svg\" aria-hidden=\"true\" focusable=\"false\"><path d=\"M12 2C6.5 2 2 6.5 2 12c0 5 3.7 9.1 8.4 9.9v-7H7.9V12h2.5V9.8c0-2.5 1.5-3.9 3.8-3.9 1.1 0 2.2.2 2.2.2v2.5h-1.3c-1.2 0-1.6.8-1.6 1.6V12h2.8l-.4 2.9h-2.3v7C18.3 21.1 22 17 22 12c0-5.5-4.5-10-10-10z\"><\/path><\/svg><span class=\"wp-block-social-link-label screen-reader-text\">Facebook<\/span><\/a><\/li>\n\n<li class=\"wp-social-link wp-social-link-youtube  wp-block-social-link\"><a href=\"https:\/\/www.youtube.com\/channel\/UCo2Xry4Gn70iXQHsV0Lp83A\" class=\"wp-block-social-link-anchor\"><svg width=\"24\" height=\"24\" viewBox=\"0 0 24 24\" version=\"1.1\" xmlns=\"http:\/\/www.w3.org\/2000\/svg\" aria-hidden=\"true\" focusable=\"false\"><path d=\"M21.8,8.001c0,0-0.195-1.378-0.795-1.985c-0.76-0.797-1.613-0.801-2.004-0.847c-2.799-0.202-6.997-0.202-6.997-0.202 h-0.009c0,0-4.198,0-6.997,0.202C4.608,5.216,3.756,5.22,2.995,6.016C2.395,6.623,2.2,8.001,2.2,8.001S2,9.62,2,11.238v1.517 c0,1.618,0.2,3.237,0.2,3.237s0.195,1.378,0.795,1.985c0.761,0.797,1.76,0.771,2.205,0.855c1.6,0.153,6.8,0.201,6.8,0.201 s4.203-0.006,7.001-0.209c0.391-0.047,1.243-0.051,2.004-0.847c0.6-0.607,0.795-1.985,0.795-1.985s0.2-1.618,0.2-3.237v-1.517 C22,9.62,21.8,8.001,21.8,8.001z M9.935,14.594l-0.001-5.62l5.404,2.82L9.935,14.594z\"><\/path><\/svg><span class=\"wp-block-social-link-label screen-reader-text\">YouTube<\/span><\/a><\/li>\n\n<li class=\"wp-social-link wp-social-link-instagram  wp-block-social-link\"><a href=\"https:\/\/www.instagram.com\/koisiegi\/\" class=\"wp-block-social-link-anchor\"><svg width=\"24\" height=\"24\" viewBox=\"0 0 24 24\" version=\"1.1\" xmlns=\"http:\/\/www.w3.org\/2000\/svg\" aria-hidden=\"true\" focusable=\"false\"><path d=\"M12,4.622c2.403,0,2.688,0.009,3.637,0.052c0.877,0.04,1.354,0.187,1.671,0.31c0.42,0.163,0.72,0.358,1.035,0.673 c0.315,0.315,0.51,0.615,0.673,1.035c0.123,0.317,0.27,0.794,0.31,1.671c0.043,0.949,0.052,1.234,0.052,3.637 s-0.009,2.688-0.052,3.637c-0.04,0.877-0.187,1.354-0.31,1.671c-0.163,0.42-0.358,0.72-0.673,1.035 c-0.315,0.315-0.615,0.51-1.035,0.673c-0.317,0.123-0.794,0.27-1.671,0.31c-0.949,0.043-1.233,0.052-3.637,0.052 s-2.688-0.009-3.637-0.052c-0.877-0.04-1.354-0.187-1.671-0.31c-0.42-0.163-0.72-0.358-1.035-0.673 c-0.315-0.315-0.51-0.615-0.673-1.035c-0.123-0.317-0.27-0.794-0.31-1.671C4.631,14.688,4.622,14.403,4.622,12 s0.009-2.688,0.052-3.637c0.04-0.877,0.187-1.354,0.31-1.671c0.163-0.42,0.358-0.72,0.673-1.035 c0.315-0.315,0.615-0.51,1.035-0.673c0.317-0.123,0.794-0.27,1.671-0.31C9.312,4.631,9.597,4.622,12,4.622 M12,3 C9.556,3,9.249,3.01,8.289,3.054C7.331,3.098,6.677,3.25,6.105,3.472C5.513,3.702,5.011,4.01,4.511,4.511 c-0.5,0.5-0.808,1.002-1.038,1.594C3.25,6.677,3.098,7.331,3.054,8.289C3.01,9.249,3,9.556,3,12c0,2.444,0.01,2.751,0.054,3.711 c0.044,0.958,0.196,1.612,0.418,2.185c0.23,0.592,0.538,1.094,1.038,1.594c0.5,0.5,1.002,0.808,1.594,1.038 c0.572,0.222,1.227,0.375,2.185,0.418C9.249,20.99,9.556,21,12,21s2.751-0.01,3.711-0.054c0.958-0.044,1.612-0.196,2.185-0.418 c0.592-0.23,1.094-0.538,1.594-1.038c0.5-0.5,0.808-1.002,1.038-1.594c0.222-0.572,0.375-1.227,0.418-2.185 C20.99,14.751,21,14.444,21,12s-0.01-2.751-0.054-3.711c-0.044-0.958-0.196-1.612-0.418-2.185c-0.23-0.592-0.538-1.094-1.038-1.594 c-0.5-0.5-1.002-0.808-1.594-1.038c-0.572-0.222-1.227-0.375-2.185-0.418C14.751,3.01,14.444,3,12,3L12,3z M12,7.378 c-2.552,0-4.622,2.069-4.622,4.622S9.448,16.622,12,16.622s4.622-2.069,4.622-4.622S14.552,7.378,12,7.378z M12,15 c-1.657,0-3-1.343-3-3s1.343-3,3-3s3,1.343,3,3S13.657,15,12,15z M16.804,6.116c-0.596,0-1.08,0.484-1.08,1.08 s0.484,1.08,1.08,1.08c0.596,0,1.08-0.484,1.08-1.08S17.401,6.116,16.804,6.116z\"><\/path><\/svg><span class=\"wp-block-social-link-label screen-reader-text\">Instagram<\/span><\/a><\/li><\/ul>\n","protected":false},"excerpt":{"rendered":"<p>Liebe Koisiegi-Familie, Saisonstart 2026 \u2013 Fr\u00fchling, Tosai &amp; der perfekte Start in die Koi-Saison Der Fr\u00fchling bringt neues Leben in den Teich \u2013 und er\u00f6ffnet zugleich den Start in die Saison 2026. Sobald die Temperaturen langsam steigen, werden auch die Koi wieder aktiver. Besonders bei Tosai (kleinen) ist jetzt die richtige F\u00fctterung entscheidend, denn genau [&hellip;]<\/p>\n","protected":false},"author":1,"featured_media":0,"parent":0,"menu_order":0,"comment_status":"closed","ping_status":"closed","template":"","meta":{"footnotes":""},"class_list":["post-227","page","type-page","status-publish","hentry"],"_links":{"self":[{"href":"https:\/\/koisiegi.com\/index.php\/wp-json\/wp\/v2\/pages\/227","targetHints":{"allow":["GET"]}}],"collection":[{"href":"https:\/\/koisiegi.com\/index.php\/wp-json\/wp\/v2\/pages"}],"about":[{"href":"https:\/\/koisiegi.com\/index.php\/wp-json\/wp\/v2\/types\/page"}],"author":[{"embeddable":true,"href":"https:\/\/koisiegi.com\/index.php\/wp-json\/wp\/v2\/users\/1"}],"replies":[{"embeddable":true,"href":"https:\/\/koisiegi.com\/index.php\/wp-json\/wp\/v2\/comments?post=227"}],"version-history":[{"count":45,"href":"https:\/\/koisiegi.com\/index.php\/wp-json\/wp\/v2\/pages\/227\/revisions"}],"predecessor-version":[{"id":37977,"href":"https:\/\/koisiegi.com\/index.php\/wp-json\/wp\/v2\/pages\/227\/revisions\/37977"}],"wp:attachment":[{"href":"https:\/\/koisiegi.com\/index.php\/wp-json\/wp\/v2\/media?parent=227"}],"curies":[{"name":"wp","href":"https:\/\/api.w.org\/{rel}","templated":true}]}}