{"id":1371,"date":"2016-12-20T10:40:08","date_gmt":"2016-12-20T09:40:08","guid":{"rendered":"https:\/\/koisiegi.com\/?page_id=1371"},"modified":"2016-12-20T10:40:08","modified_gmt":"2016-12-20T09:40:08","slug":"rechtlicher-hinweis","status":"publish","type":"page","link":"https:\/\/koisiegi.com\/index.php\/rechtlicher-hinweis\/","title":{"rendered":"Rechtlicher Hinweis"},"content":{"rendered":"<p>[vc_row][vc_column width=&#8220;1\/1&#8243;][header title=&#8220;*Rechtlicher Hinweis&#8220; placement=&#8220;text-left&#8220; level=&#8220;2&#8243; sub_level=&#8220;3&#8243; margin_top=&#8220;0&#8243; margin_bottom=&#8220;0&#8243; padding_top=&#8220;0&#8243; padding_bottom=&#8220;0&#8243;][vc_column_text]<strong>Nutzung unserer Internetseiten<\/strong><br \/>\nDie Inhalte unserer Homepage sind urheberrechtlich gesch\u00fctzt. Die Nutzung der Daten f\u00fcr den privaten, nicht-kommerziellen Gebrauch ist gestattet. Bei Vervielf\u00e4ltigung ist auf die Urheber- und Eigentumsrechte von apConsult ausdr\u00fccklich hinzuweisen. Inhalte d\u00fcrfen in keiner Weise ver\u00e4ndert werden und ohne schriftliche Genehmigung nicht auf anderen Internetseiten oder vernetzten Rechnern genutzt werden. Jede Nutzung f\u00fcr \u00f6ffentliche oder kommerzielle Zwecke bedarf der Zustimmung von apConsult. Ein Versto\u00df gegen diese Bedingung verpflichtet zur sofortigen R\u00fcckstellung in den Stand vor dem Versto\u00df, insbesondere zur Vernichtung aller ausgedruckten oder heruntergeladenen Inhalte. Die Geltendmachung weiterer Schadensersatzanspr\u00fcche bleibt vorbehalten.<\/p>\n<p><strong>Datenschutz<\/strong><br \/>\nIhre Daten werden unter Einhaltung der geltenden nationalen und europ\u00e4ischen Datenschutzvorschriften zur Bearbeitung Ihrer Anfragen verarbeitet und genutzt. apConsult wahrt die Vertraulichkeit Ihrer Daten und wird sie nicht verkaufen, vermieten oder Dritten verf\u00fcgbar machen.<\/p>\n<p><strong>Internet<\/strong><br \/>\nUnsere Webseiten enthalten auch Links zu Webseiten anderer Anbieter. F\u00fcr die Inhalte solcher Webseiten anderer Anbieter, die \u00fcber solche Links erreichbar sind, ist apConsult nicht verantwortlich. Ebensowenig ist apConsult f\u00fcr die Inhalte jener Webseiten verantwortlich, die bei apConsult von Kunden gehostet werden. Stellt apConsult fest oder wird apConsult darauf hingewiesen, dass ein Angebot rechtswidrigen Inhalt aufweist, wird dieser Link aufgehoben, soweit dies technisch m\u00f6glich und zumutbar ist.<\/p>\n<p><strong>Gew\u00e4hrleistung<\/strong><br \/>\nDie Informationen auf unseren Internetseiten werden mit gr\u00f6\u00dfter Sorgfalt erstellt, gewartet und auf ihre Richtigkeit eingehend gepr\u00fcft. apConsult \u00fcbernimmt jedoch keine Verantwortung daf\u00fcr, dass die Informationen dem von den Nutzern gew\u00fcnschten Zweck entsprechen. Die auf dieser Website enthaltenen Dokumente werden ohne jede Gew\u00e4hrleistung zur Verf\u00fcgung gestellt. Der Zugang zur Website und der Gebrauch der dort angebotenen Dokumente erfolgt auf eigenes Risiko des Nutzers. Die Dokumente und die damit verbundenen Grafiken, die auf dieser Website ver\u00f6ffentlicht werden, k\u00f6nnen technische oder typografische Fehler enthalten oder unvollst\u00e4ndig sein. apConsult \u00fcbernimmt insoweit keine Haftung und beh\u00e4lt sich das Recht der jederzeitigen \u00c4nderung vor.<\/p>\n<p><strong>Analyse der Website-Nutzung\u00a0und die Verwendung von Cookies<br \/>\n<\/strong>Um die Servicequalit\u00e4t unserer Webl\u00f6sung stetig zu verbessern, setzen wir Softwaretools zur Analyse der Website-Nutzung ein. In diesem Zusammenhang werden sogenannte Cookies verwendet. Cookies sind Dateien, die auf dem Rechner des Website-Besuchers, im verwendeten Browser, abgelegt werden, um den User bei einem erneuten Besuch wieder zu erkennen. Damit werden einerseits oben angef\u00fchrte Auswertungen m\u00f6glich und andererseits k\u00f6nnen gewisse Services f\u00fcr den User geboten werden. Da Cookies im verwendeten Browser des Besuchers abgelegt werden, k\u00f6nnen Sie dort auch abgelehnt oder gel\u00f6scht werden. In manchen F\u00e4llen kann das L\u00f6schen eines bestimmten Cookies allerdings die einwandfreie Funktion der Website beeintr\u00e4chtigen oder sogar verunm\u00f6glichen.\u00a0Es werden zudem auch die IP-Adresse des Users verspeichert und einige technische Details zum Besuch.\u00a0Es werden jedoch keinerlei pers\u00f6nliche Daten gesammelt, noch werden die hinter den ermittelten Daten stehenden Personen identifiziert oder mit Daten anderer User in Verbindung gebracht.\u00a0Mit der Nutzung dieser Webl\u00f6sung stimmen Sie der oben beschriebenen Vorgangsweise zur Analyse der Website-Nutzung zu.[\/vc_column_text][vc_empty_space height=&#8220;64px&#8220;][\/vc_column][\/vc_row]<\/p>\n","protected":false},"excerpt":{"rendered":"<p>[vc_row][vc_column width=&#8220;1\/1&#8243;][header title=&#8220;*Rechtlicher Hinweis&#8220; placement=&#8220;text-left&#8220; level=&#8220;2&#8243; sub_level=&#8220;3&#8243; margin_top=&#8220;0&#8243; margin_bottom=&#8220;0&#8243; padding_top=&#8220;0&#8243; padding_bottom=&#8220;0&#8243;][vc_column_text]Nutzung unserer Internetseiten Die Inhalte unserer Homepage sind urheberrechtlich gesch\u00fctzt. Die Nutzung der Daten f\u00fcr den privaten, nicht-kommerziellen Gebrauch ist gestattet. Bei Vervielf\u00e4ltigung ist auf die Urheber- und Eigentumsrechte von apConsult ausdr\u00fccklich hinzuweisen. Inhalte d\u00fcrfen in keiner Weise ver\u00e4ndert werden und ohne schriftliche Genehmigung nicht [&hellip;]<\/p>\n","protected":false},"author":1,"featured_media":0,"parent":0,"menu_order":0,"comment_status":"closed","ping_status":"closed","template":"","meta":{"footnotes":""},"class_list":["post-1371","page","type-page","status-publish","hentry"],"_links":{"self":[{"href":"https:\/\/koisiegi.com\/index.php\/wp-json\/wp\/v2\/pages\/1371","targetHints":{"allow":["GET"]}}],"collection":[{"href":"https:\/\/koisiegi.com\/index.php\/wp-json\/wp\/v2\/pages"}],"about":[{"href":"https:\/\/koisiegi.com\/index.php\/wp-json\/wp\/v2\/types\/page"}],"author":[{"embeddable":true,"href":"https:\/\/koisiegi.com\/index.php\/wp-json\/wp\/v2\/users\/1"}],"replies":[{"embeddable":true,"href":"https:\/\/koisiegi.com\/index.php\/wp-json\/wp\/v2\/comments?post=1371"}],"version-history":[{"count":0,"href":"https:\/\/koisiegi.com\/index.php\/wp-json\/wp\/v2\/pages\/1371\/revisions"}],"wp:attachment":[{"href":"https:\/\/koisiegi.com\/index.php\/wp-json\/wp\/v2\/media?parent=1371"}],"curies":[{"name":"wp","href":"https:\/\/api.w.org\/{rel}","templated":true}]}}