{"id":1210,"date":"2016-12-12T14:19:28","date_gmt":"2016-12-12T13:19:28","guid":{"rendered":"https:\/\/koisiegi.com\/?page_id=1210"},"modified":"2024-09-11T17:07:06","modified_gmt":"2024-09-11T15:07:06","slug":"versand","status":"publish","type":"page","link":"https:\/\/koisiegi.com\/index.php\/versand\/","title":{"rendered":"Versand"},"content":{"rendered":"<p>Der Transport der Fische wird durch den Kunden \u00fcbernommen.\u00a0 Sie als Kunde kommen zu uns und holen Ihre gekauften Koi bei uns Stein 86, A-8561 Hitzendorf ab.<\/p>\n<p>Wir bieten Ihnen auch eine pers\u00f6nliche Zustellung an. \u00a0Wir liefern die gekauften Koi zu Ihnen nach Hause und setzen sie bei Bedarf direkt in die Quarant\u00e4ne ein (Preis nach Aufwand).<\/p>\n<p>Der Versand unserer Koi kann auch mit der Spedition GO &#8211; Express erfolgen. Geschultes Fahrpersonal nimmt Ihre Koi entgegen und stellt sie am n\u00e4chsten Werktag vormittags zwischen 8:00 und 12:00 Uhr zu.<\/p>\n<p><strong>Versandbedingungen<\/strong><\/p>\n<p>Die Lieferung von Koi erfolgt ausschlie\u00dflich nach \u00d6sterreich und Deutschland.<\/p>\n<p><strong style=\"font-size: revert;\">Versandkosten (inklusive gesetzliche Mehrwertsteuer)<\/strong><\/p>\n<p>Bei Kois werden keine Versandkosten angezeigt. Nach Bestelleingang werden die Versandkosten individuell berechnet und Ihnen mitgeteilt.<\/p>\n<p><!--\n\n\n<ul>\n \t\n\n<li>\u00d6sterreich 85,-\u20ac<\/li>\n\n\n<\/ul>\n\n\n\n\n<ul>\n \t\n\n<li>Tosai (bis 15 St\u00fcck) = \u00a085 \u20ac pro Box<\/li>\n\n\n \t\n\n<li>Nisai\u00a0 \u00a0(bis 3 St\u00fcck) =\u00a0 \u00a085 \u20ac pro Box<\/li>\n\n\n \t\n\n<li>Sansai (bis 2 St\u00fcck) =\u00a0\u00a0 95 \u20ac pro Box<\/li>\n\n\n \t\n\n<li>Yonsai \u00a0\u00a0\u00a0\u00a0\u00a0(1 St\u00fcck) = 115 \u20ac pro Box<\/li>\n\n\n<\/ul>\n\n\n\n\n<ul>\n \t\n\n<li>Deutschland \u00a0\u00a0 auf Anfrage<\/li>\n\n\n<\/ul>\n\n\n--><strong><br \/>\n<\/strong><strong>Lieferung ins Ausland:<\/strong><\/p>\n<p>Derzeit sind nur Lieferungen nach \u00d6sterreich m\u00f6glich, die Preise m\u00fcssen jedoch vorab telefonisch oder per E-Mail bei uns erfragt werden.<\/p>\n","protected":false},"excerpt":{"rendered":"<p>Der Transport der Fische wird durch den Kunden \u00fcbernommen.\u00a0 Sie als Kunde kommen zu uns und holen Ihre gekauften Koi bei uns Stein 86, A-8561 Hitzendorf ab. Wir bieten Ihnen auch eine pers\u00f6nliche Zustellung an. \u00a0Wir liefern die gekauften Koi zu Ihnen nach Hause und setzen sie bei Bedarf direkt in die Quarant\u00e4ne ein (Preis [&hellip;]<\/p>\n","protected":false},"author":1,"featured_media":0,"parent":0,"menu_order":0,"comment_status":"closed","ping_status":"closed","template":"","meta":{"footnotes":""},"class_list":["post-1210","page","type-page","status-publish","hentry"],"_links":{"self":[{"href":"https:\/\/koisiegi.com\/index.php\/wp-json\/wp\/v2\/pages\/1210","targetHints":{"allow":["GET"]}}],"collection":[{"href":"https:\/\/koisiegi.com\/index.php\/wp-json\/wp\/v2\/pages"}],"about":[{"href":"https:\/\/koisiegi.com\/index.php\/wp-json\/wp\/v2\/types\/page"}],"author":[{"embeddable":true,"href":"https:\/\/koisiegi.com\/index.php\/wp-json\/wp\/v2\/users\/1"}],"replies":[{"embeddable":true,"href":"https:\/\/koisiegi.com\/index.php\/wp-json\/wp\/v2\/comments?post=1210"}],"version-history":[{"count":0,"href":"https:\/\/koisiegi.com\/index.php\/wp-json\/wp\/v2\/pages\/1210\/revisions"}],"wp:attachment":[{"href":"https:\/\/koisiegi.com\/index.php\/wp-json\/wp\/v2\/media?parent=1210"}],"curies":[{"name":"wp","href":"https:\/\/api.w.org\/{rel}","templated":true}]}}